{"id":133,"date":"2019-05-11T12:22:19","date_gmt":"2019-05-11T10:22:19","guid":{"rendered":"http:\/\/apriorilaw.se.preview.binero.se\/?page_id=133"},"modified":"2025-05-29T21:36:49","modified_gmt":"2025-05-29T19:36:49","slug":"whistleblowing-for-lidl","status":"publish","type":"page","link":"https:\/\/apriorilaw.se\/en\/whistleblowing\/whistleblowing-for-lidl\/","title":{"rendered":"Whistleblowing for Lidl"},"content":{"rendered":"<div  data-label=\"About\" data-id=\"about--1\" data-export-id=\"about-text-image\" data-category=\"about\" class=\"about-text-image content-section content-section-spacing\" id=\"about-1\" style=\"background-color: rgb(245, 250, 253);\"><div  class=\"gridContainer\"> <div  class=\"row\"><div  class=\"col-sm-6 col-padding-small-xs col-sm-padding-large bg-color5 white-text content-col\" data-type=\"column\">  <h2  class=\"\">About the service<\/h2> <p  class=\"\">As an additional possibility in addition to its internal reporting systems, Lidl provides whistleblowing reporting via Apriori lawfirm. We are a niche law firm with expertise in whistleblowing and privacy issues. We who receive reports via this whistleblowing channel are either lawyer Ann-Sophie Hesser or lawyer Marie Friman.\n<br ><br >\nWe encourage everyone to use this reporting facility responsibly and accurately.<\/p><\/div> <div  class=\"col-sm-6 flexbox-strech center-xs middle-xs no-gutter-col\"><div  class=\"shadow-large overlap-left-large flexbox middle-xs center-xs right-img\" data-bg=\"image\" style=\"background-image: url(&quot;https:\/\/apriorilaw.se\/wp-content\/uploads\/2025\/05\/cropped-Namnlo\u0308s-design-3.png&quot;);\"><\/div><\/div> <\/div><\/div> <\/div><div  data-label=\"Features\" data-id=\"features--2\" data-export-id=\"features-12-card\" data-category=\"features\" class=\"features-12-card content-section content-section-spacing\" id=\"features-2\" style=\"background-color: rgb(255, 255, 255);\"><div  class=\"gridContainer\"> <div  class=\"row text-center\"><div  class=\"section-title-col\" data-type=\"column\"><h2  class=\"\" style=\"border-bottom-color: rgb(0, 88, 89);\">How it works<\/h2>  <\/div> <\/div> <div  class=\"row spaced-cols\" data-type=\"row\">  <div  class=\"col-sm-6\"> <div  class=\"card row-card\"> <div  class=\"row\"> <div  class=\"col-sm-fit icon-column\"> <i  class=\"fa icon fa-codepen bordered round color1\"><\/i> <\/div> <div  class=\"col-sm\" data-type=\"column\"> <h5  class=\"color2\"><span  style=\"color: rgb(0, 88, 89);\">CONTACT<\/span><\/h5> <p  class=\"\">Kontakta en av v\u00e5ra advokater p\u00e5 nedanst\u00e5ende telefonnummer eller e-post:<br >\n<br ><span  style=\"color: rgb(255, 152, 0);\"><b >Anne-Sophie Hesser \/ Marie Friman\n<\/b><\/span><br ><br >\nTel.: 08- 525 276 60<br >\nE-post: lidl@apriorilaw.se\n<br ><br >\n<br ><br ><br >\n<\/p><\/div> <\/div><\/div> <\/div> <div  class=\"col-sm-6\"> <div  class=\"card row-card\"> <div  class=\"row\"> <div  class=\"col-sm-fit icon-column\"> <i  class=\"fa icon fa-lock bordered round color1\"><\/i> <\/div> <div  class=\"col-sm\" data-type=\"column\"> <h5  class=\"color2\"><span  style=\"color: rgb(0, 88, 89);\">PRIVACY<\/span><\/h5> <p  class=\"\">Som advokater \u00e4r vi skyldiga att iaktta sekretess vid rapporteringen. Dina personuppgifter kommer inte att vidarebefordras till Lidl utan ditt uttryckliga medgivande. Vi kommer att verifiera samtliga uppgifter som rapporterats in. F\u00f6r det fall det kan konstateras att ett regelefterlevnadsbrott f\u00f6religger kommer vi att vidarebefordra denna information till Lidls compliance-avdelning.&nbsp;Som en ytterligare rapporteringsm\u00f6jlighet tillhandah\u00e5ller Lidl ett rapporteringssystem online: www.lidl.se\/compliance eller direkt under https:\/\/www.bkms-system.net\/lidl\n<\/p><\/div> <\/div><\/div> <\/div> <div  class=\"col-sm-6\"> <div  class=\"card row-card\"> <div  class=\"row\"> <div  class=\"col-sm-fit icon-column\"> <i  class=\"fa icon fa-file-text-o bordered round color1\"><\/i> <\/div> <div  class=\"col-sm\" data-type=\"column\"> <h5  class=\"color2\"><span  style=\"color: rgb(0, 88, 89);\">WHAT ARE YOU GOING TO REPORT?<\/span><\/h5> <p  class=\"\">The following are examples that may be subject to reporting:\n\n<br ><br >\n\u2013 Financial crime such as bribery, fraud, forgery.<br >\nCompetition and cartel violations.<br >\n\u2013 Breach of data protection legislation.<br >\n\u2013 Violations regarding accounting, finance, and taxation.<br >\n\u2013 Significant violations in workplace safety.<br >\n\u2013 Significant breaches of environmental law or environmental pollution.<br >\n\u2013 Serious instances of discrimination or harassment.<\/p><\/div> <\/div><\/div> <\/div><div  class=\"col-sm-6\"> <div  class=\"card row-card\"> <div  class=\"row\"> <div  class=\"col-sm-fit icon-column\"> <i  class=\"fa icon fa-hand-stop-o bordered round color1\"><\/i> <\/div> <div  class=\"col-sm\" data-type=\"column\"> <h5  class=\"color2\"><span  style=\"color: rgb(0, 88, 89);\">WHAT YOU ARE NOT SUPPOSED TO REPORT VIA APRIORI<\/span><\/h5> <p  class=\"\">Issues of cyber bullying, the dissatisfaction with the salary, wages, etc., are not to be reported to us will be reported via the Developer of the normal channels of communication.\n<br ><br >\nFor other types of complaints and reclamation matters, please contact the customer service department of the company in question.\n<br ><br >\nwww.lidl.se\/compliance or directly below \n<br >https:\/\/www.bkms-system.net\/lidl\n\n<br ><br >\n\n<br ><\/p><\/div> <\/div><\/div> <\/div><\/div> <\/div><\/div><div  data-label=\"Cta\" data-id=\"cta--1\" data-export-id=\"cta-centered-section-grid\" data-category=\"cta\" class=\"cta-centered-section-grid content-section content-section-spacing-medium bg-color1 white-text\" id=\"cta-1\"><div  class=\"gridContainer\"> <div  class=\"row text-center\"><div  class=\"col-xs-12 col-sm-10 col-sm-offset-1 col-md-8 col-md-offset-2\" data-type=\"column\"> <h2  class=\"\">Vill du veta mer om vad whistleblowing \u00e4r?<\/h2> <p  class=\"\">We have gathered information on what whistleblowing is and how it can aid companies and organizations in creating the right conditions to ensure services in whistleblowing-related matters.<\/p> <a class=\"button color2\" href=\"https:\/\/apriorilaw.se\/en\/whistleblowing\/\" target=\"_self\" data-cp-link=\"1\" data-icon=\"\" rel=\"noopener\">Read more<\/a><\/div> <\/div><\/div> <\/div><div  data-label=\"Team\" data-id=\"team--2\" data-export-id=\"team-5\" data-category=\"team\" class=\"team-5 content-section content-section-spacing\" id=\"team-2\" style=\"background-color: rgb(245, 250, 253);\"><div  class=\"gridContainer\"> <div  class=\"row text-center\"><div  class=\"section-title-col\" data-type=\"column\"> <h2  class=\"\" style=\"border-bottom-color: rgb(0, 88, 89);\">Meet Anne-Sophie and Marie<\/h2> <p  class=\"lead\">These are the lawyers Ann-Sophie and Marie who are responsible for Lidl's whistleblowing service.<\/p><\/div> <\/div> <div  class=\"row spaced-cols content-center-sm\" data-type=\"row\"> <div  class=\"col-xs-12 col-sm-6 col-padding col-md-6\"> <div  class=\"row\"> <div  data-type=\"column\" class=\"col-xs-12 col-sm-12\"> <img  class=\"round face\" src=\"https:\/\/apriorilaw.se\/wp-content\/uploads\/2023\/09\/5DS7725.jpg\" alt=\"\" title=\"_5DS7725\"> <h4  class=\"font-500\">Anne-Sophie Hesser<\/h4> <p  class=\"italic\">Lawyer<\/p> <p  class=\"\">Anne-Sophie has many years of experience in both operations, and as a consultant for the compliance, and financial law. She has had a number of assignments in This and are very used to working with this type of service.<\/p> <div  class=\"social-icons-group\" data-type=\"group\"> <a href=\"#\" target=\"_self\" data-reiki-hidden=\"true\" rel=\"noopener\"><i  class=\"fa icon fa-facebook-square gray\"><\/i><\/a> <a href=\"#\" target=\"_self\" data-reiki-hidden=\"true\" rel=\"noopener\"><i  class=\"fa icon fa-twitter-square gray\"><\/i><\/a> <a href=\"https:\/\/www.linkedin.com\/in\/ann-sophie-hesser-anderberg-4b93583\" target=\"_self\" rel=\"noopener\" class=\"\"><i  class=\"fa icon fa-linkedin-square color1\"><\/i><\/a> <a href=\"#\" target=\"_self\" data-reiki-hidden=\"true\" rel=\"noopener\"><i  class=\"fa icon fa-google-plus-square gray\"><\/i><\/a><\/div> <\/div><\/div> <\/div> <div  class=\"col-xs-12 col-sm-6 col-padding col-md-6\"> <div  class=\"row\"> <div  data-type=\"column\" class=\"col-xs-12 col-sm-12\"> <img  class=\"round face\" src=\"https:\/\/apriorilaw.se\/wp-content\/uploads\/2023\/09\/5DS7579.jpg\" alt=\"\" title=\"_5DS7579\"> <h4  class=\"font-500\">Marie Friman<\/h4> <p  class=\"italic\">Lawyer<\/p> <p  class=\"\">Marie has previously worked in an operational role as CEO for companies in the financial industry.&nbsp;<\/p> <div  class=\"social-icons-group\" data-type=\"group\"> <a href=\"#\" target=\"_self\" data-reiki-hidden=\"true\" rel=\"noopener\"><i  class=\"fa icon fa-facebook-square gray\"><\/i><\/a> <a href=\"#\" target=\"_self\" data-reiki-hidden=\"true\" rel=\"noopener\"><i  class=\"fa icon fa-twitter-square gray\"><\/i><\/a> <a href=\"https:\/\/www.linkedin.com\/in\/marie-friman-54802413\" target=\"_self\" rel=\"noopener\" class=\"\"><i  class=\"fa icon fa-linkedin-square color1\"><\/i><\/a> <a href=\"#\" target=\"_self\" data-reiki-hidden=\"true\" rel=\"noopener\"><i  class=\"fa icon fa-google-plus-square gray\"><\/i><\/a><\/div> <\/div><\/div> <\/div>      <\/div> <\/div><\/div>","protected":false},"excerpt":{"rendered":"<p>Om tj\u00e4nsten Som en ytterligare m\u00f6jlighet ut\u00f6ver sina interna rapporteringssystem tillhandah\u00e5ller Lidl whistleblowingrapportering via Apriori Advokatbyr\u00e5. Vi \u00e4r en nischad advokatby\u00e5 med expertis inom whistleblowing och integritetsfr\u00e5gor. Vi som tar emot rapportering via denna whistleblowingkanal \u00e4r antingen advokat Ann-Sophie Hesser eller advokat Marie Friman. Vi uppmanar alla att anv\u00e4nda denna rapporteringsm\u00f6jlighet p\u00e5 ett ansvarsfullt och&hellip; <br \/> <a class=\"read-more\" href=\"https:\/\/apriorilaw.se\/en\/whistleblowing\/whistleblowing-for-lidl\/\">Read more<\/a><\/p>","protected":false},"author":1,"featured_media":123,"parent":2,"menu_order":0,"comment_status":"closed","ping_status":"closed","template":"pro\/page-templates\/full-width-page.php","meta":[],"_links":{"self":[{"href":"https:\/\/apriorilaw.se\/en\/wp-json\/wp\/v2\/pages\/133"}],"collection":[{"href":"https:\/\/apriorilaw.se\/en\/wp-json\/wp\/v2\/pages"}],"about":[{"href":"https:\/\/apriorilaw.se\/en\/wp-json\/wp\/v2\/types\/page"}],"author":[{"embeddable":true,"href":"https:\/\/apriorilaw.se\/en\/wp-json\/wp\/v2\/users\/1"}],"replies":[{"embeddable":true,"href":"https:\/\/apriorilaw.se\/en\/wp-json\/wp\/v2\/comments?post=133"}],"version-history":[{"count":21,"href":"https:\/\/apriorilaw.se\/en\/wp-json\/wp\/v2\/pages\/133\/revisions"}],"predecessor-version":[{"id":1652,"href":"https:\/\/apriorilaw.se\/en\/wp-json\/wp\/v2\/pages\/133\/revisions\/1652"}],"up":[{"embeddable":true,"href":"https:\/\/apriorilaw.se\/en\/wp-json\/wp\/v2\/pages\/2"}],"wp:featuredmedia":[{"embeddable":true,"href":"https:\/\/apriorilaw.se\/en\/wp-json\/wp\/v2\/media\/123"}],"wp:attachment":[{"href":"https:\/\/apriorilaw.se\/en\/wp-json\/wp\/v2\/media?parent=133"}],"curies":[{"name":"wp","href":"https:\/\/api.w.org\/{rel}","templated":true}]}}