{"id":1342,"date":"2023-10-13T08:11:52","date_gmt":"2023-10-13T06:11:52","guid":{"rendered":"https:\/\/apriorilaw.se\/?page_id=1342"},"modified":"2025-05-28T11:29:09","modified_gmt":"2025-05-28T09:29:09","slug":"tvistellosning","status":"publish","type":"page","link":"https:\/\/apriorilaw.se\/en\/tvistellosning\/","title":{"rendered":"Dispute resolution"},"content":{"rendered":"<div  data-label=\"About\" data-id=\"about--1\" data-export-id=\"about-image-text\" data-category=\"about\" class=\"about-image-text content-section content-section-spacing\" id=\"about-1\" style=\"background-color: rgb(255, 255, 255);\"><div  class=\"gridContainer\"> <div  class=\"row\"><div  class=\"col-sm-6 flexbox-strech center-xs middle-xs no-gutter-col\"> <div  class=\"shadow-large overlap-right-large flexbox middle-xs center-xs left-img\" data-bg=\"image\" style=\"background-image: url(&quot;https:\/\/apriorilaw.se\/wp-content\/uploads\/2023\/10\/Namnlo\u0308s-design-3.png&quot;);\"><\/div><\/div> <div  class=\"col-sm-6 space-bottom-xs col-padding-small-xs col-sm-padding-large bg-color5 white-text content-col\" data-type=\"column\"> <h2  class=\"\" style=\"border-bottom-color: rgb(0, 88, 89);\"><span  href=\"#\" style=\"font-family: Playfair Display,sans-serif; font-weight: 700; font-style: italic;\">Dispute resolution<\/span><\/h2> <p  class=\"\">\u00b7 Representation in court proceedings<br >\r\n\u00b7 Procedural analyses<br >\r\n\u00b7 Correspondence<br >\r\n\u00b7 Assistance on non-judicial remedies<\/p><\/div> <\/div><\/div> <\/div>","protected":false},"excerpt":{"rendered":"<p>Tvistl\u00f6sning \u00b7 Ombud i domstolsprocesser \u00b7 Processl\u00e4gesanalyser \u00b7 Skriftv\u00e4xling \u00b7 Bitr\u00e4de vid utomr\u00e4ttsliga l\u00f6sningar<\/p>","protected":false},"author":6,"featured_media":0,"parent":0,"menu_order":0,"comment_status":"closed","ping_status":"closed","template":"pro\/page-templates\/full-width-page.php","meta":[],"_links":{"self":[{"href":"https:\/\/apriorilaw.se\/en\/wp-json\/wp\/v2\/pages\/1342"}],"collection":[{"href":"https:\/\/apriorilaw.se\/en\/wp-json\/wp\/v2\/pages"}],"about":[{"href":"https:\/\/apriorilaw.se\/en\/wp-json\/wp\/v2\/types\/page"}],"author":[{"embeddable":true,"href":"https:\/\/apriorilaw.se\/en\/wp-json\/wp\/v2\/users\/6"}],"replies":[{"embeddable":true,"href":"https:\/\/apriorilaw.se\/en\/wp-json\/wp\/v2\/comments?post=1342"}],"version-history":[{"count":5,"href":"https:\/\/apriorilaw.se\/en\/wp-json\/wp\/v2\/pages\/1342\/revisions"}],"predecessor-version":[{"id":1577,"href":"https:\/\/apriorilaw.se\/en\/wp-json\/wp\/v2\/pages\/1342\/revisions\/1577"}],"wp:attachment":[{"href":"https:\/\/apriorilaw.se\/en\/wp-json\/wp\/v2\/media?parent=1342"}],"curies":[{"name":"wp","href":"https:\/\/api.w.org\/{rel}","templated":true}]}}