{"id":219,"date":"2019-05-12T17:10:25","date_gmt":"2019-05-12T15:10:25","guid":{"rendered":"http:\/\/apriorilaw.se.preview.binero.se\/?page_id=219"},"modified":"2025-08-24T22:24:28","modified_gmt":"2025-08-24T20:24:28","slug":"verksamhetsomraden","status":"publish","type":"page","link":"https:\/\/apriorilaw.se\/en\/verksamhetsomraden\/","title":{"rendered":"Areas of expertise"},"content":{"rendered":"<div  data-label=\"Features\" data-id=\"features--1\" data-export-id=\"features-12\" data-category=\"features\" class=\"features-12 content-section content-section-spacing content-relative\" id=\"features-1\" style=\"background-color: rgb(245, 250, 253);\"><div  class=\"gridContainer\"> <div  class=\"row text-center\"><div  class=\"section-title-col\" data-type=\"column\"> <h2  class=\"\" style=\"border-bottom-color: rgb(0, 88, 89);\">Here is how we can assist you<\/h2> <p  class=\"lead\">As a law firm with specialist competence in financial law, compliance and licensing issues, we are primarily focused on the finance and insurance industry. Some of our most common assignments are within the following business areas.<\/p><\/div> <\/div> <div  class=\"row spaced-cols center-sm content-center-sm\" data-type=\"row\">  <div  class=\"col-sm-6\"><div  class=\"row space-bottom\"> <div  class=\"col-sm-fit icon-column\"><i  class=\"fa icon fa-institution bordered round color1\"><\/i><\/div> <div  class=\"col-sm\" data-type=\"column\"><h5  class=\"color2\" style=\"text-align: left;\"><span  style=\"color: rgb(0, 88, 89);\">BANKING AND CREDIT<\/span><\/h5> <p  class=\"\" style=\"text-align: left;\">&nbsp; &nbsp; \u2022 Internal controls and supervision (Governance)<br >&nbsp; &nbsp; \u2022 Credit market companies<br >&nbsp; &nbsp; \u2022 Consumer Credit Institutes<br >&nbsp; &nbsp; \u2022 Anti-money laundering measures\n<br >&nbsp; &nbsp; \u2022 (Currency exchange) \/ financial services<br >&nbsp; &nbsp; \u2022 Mortgage companies\n<br >&nbsp; &nbsp;<\/p><\/div> <\/div><\/div> <div  class=\"col-sm-6\"><div  class=\"row space-bottom\"> <div  class=\"col-sm-fit icon-column\"><i  class=\"fa icon fa-line-chart bordered round color1\"><\/i><\/div> <div  class=\"col-sm\" data-type=\"column\"><h5  class=\"color2\" style=\"text-align: left;\"><span  style=\"color: rgb(0, 88, 89);\">SECURITIES MARKET<\/span><\/h5> <p  class=\"\" style=\"text-align: left;\">&nbsp; &nbsp; \u2022 Securities Firms<br >&nbsp; &nbsp; \u2022\tRegulated markets and MTF platforms<br >&nbsp; &nbsp; \u2022\tCounterparty agreements, ISDA, etc.<br >&nbsp; &nbsp; \u2022 EMIR \u2013 Clearing Agreements<br >&nbsp; &nbsp; \u2022 Advisory responsibility<br >&nbsp; &nbsp; \u2022 Stock markets<br >&nbsp; &nbsp; \u2022 Market abuse \/ MAR<\/p><\/div> <\/div><\/div> <div  class=\"col-sm-6\"><div  class=\"row space-bottom\"> <div  class=\"col-sm-fit icon-column\"><i  class=\"fa icon fa-briefcase bordered round color1\"><\/i><\/div> <div  class=\"col-sm\" data-type=\"column\"><h5  class=\"color2\" style=\"text-align: left;\"><span  style=\"color: rgb(0, 88, 89);\">PENSION &amp; INSURANCE<\/span><\/h5> <p  class=\"\" style=\"text-align: left;\">\u2022 Service pension companies (IORP 2)<br >\n    \u2022 F\u00f6rs\u00e4kringsf\u00f6retag (Solvens 2)<br >\n    \u2022 Insurance brokers<br >\n    \u2022 Training<\/p><\/div> <\/div><\/div> <div  class=\"col-sm-6\"> <div  class=\"row space-bottom\"> <div  class=\"col-sm-fit icon-column\"> <i  class=\"fa icon fa-balance-scale bordered round color1\"><\/i> <\/div> <div  class=\"col-sm\" data-type=\"column\"> <h5  class=\"color2\" style=\"text-align: left;\"><span  style=\"color: rgb(0, 88, 89);\">GENERAL BUSINESS LAW<\/span><\/h5> <p  class=\"\" style=\"text-align: left;\">&nbsp; &nbsp; \u2022 Contract law<br >&nbsp; &nbsp; \u2022 Corporate law<br >&nbsp; &nbsp; \u2022 Small business transfers\n<br >&nbsp; &nbsp; \u2022 M&amp;A:s<br >&nbsp; &nbsp; \u2022 Outsourcing<br >&nbsp; &nbsp; \u2022 Regulatory due diligence&nbsp;\n<br >&nbsp; &nbsp; \u2022 Contracts<\/p><\/div> <\/div><\/div><div  class=\"col-sm-6\"> <div  class=\"row space-bottom\"> <div  class=\"col-sm-fit icon-column\"> <i  class=\"fa icon fa-exchange bordered round color1\"><\/i> <\/div> <div  class=\"col-sm\" data-type=\"column\"> <h5  class=\"color2\" style=\"text-align: left;\"><font  color=\"#005859\">PAYMENT SERVICES<\/font><\/h5> <p  class=\"\" style=\"text-align: left;\">\u2022 Payment institutions&nbsp;\n\n<br >\u2022 Account Information Services (AISP)&nbsp;<br >\u2022 Payment Initiation (PISP)\n<br >\u2022 Registered payment service provider<br >\n\u2022 Money transfers etc.\n\n<br >\u2022 Electronic money<\/p><\/div> <\/div><\/div><div  class=\"col-sm-6\"> <div  class=\"row space-bottom\"> <div  class=\"col-sm-fit icon-column\"> <i  class=\"fa icon fa-pie-chart bordered round color1\"><\/i> <\/div> <div  class=\"col-sm\" data-type=\"column\"> <h5  class=\"color2\" style=\"text-align: left;\"><span  style=\"color: rgb(0, 88, 89);\">FUNDS<\/span><\/h5> <p  class=\"\" style=\"text-align: left;\">&nbsp; &nbsp; \u2022 AIFM:s &amp; funds<br >&nbsp; &nbsp; \u2022 Custodians<br >&nbsp; &nbsp; \u2022 Mutual funds<br >&nbsp; &nbsp; \u2022 Private Equity\n\n<br >&nbsp; &nbsp; \u2022 Cross-border activities<\/p><\/div> <\/div><\/div><div  class=\"col-sm-6\"><div  class=\"row space-bottom\"> <div  class=\"col-sm-fit icon-column\"><i  class=\"fa icon fa-expeditedssl bordered round color1\"><\/i><\/div> <div  class=\"col-sm\" data-type=\"column\"><h5  class=\"color2\" style=\"text-align: left;\"><span  style=\"color: rgb(0, 88, 89);\">INTEGRITETSSKYDD &amp; DATASKYDDSOMBUD<\/span><\/h5> <p  class=\"\" style=\"text-align: left;\">\u2022 Uppdrag som externt dataskyddsombud<br >\n    \u2022 R\u00e5dgivning kring behandling av personuppgifter<br >\n    \u2022 Riskanalys &amp; konsekvensbed\u00f6mningar<br >\n    \u2022 Assistance agreements<br >\n    \u2022 On-going counseling<br >\n      \u2022 Training<\/p><\/div> <\/div><\/div><div  class=\"col-sm-6\"><div  class=\"row space-bottom\"> <div  class=\"col-sm-fit icon-column\"><i  class=\"fa icon fa-institution bordered round color1\"><\/i><\/div> <div  class=\"col-sm\" data-type=\"column\"><h5  class=\"color2\" style=\"text-align: left;\"><span  style=\"color: rgb(0, 88, 89);\">COMPLIANCE<\/span><\/h5> <p  class=\"\" style=\"text-align: left;\">&nbsp; &nbsp; \u2022 Outsourced compliance function<br >&nbsp; &nbsp; \u2022 Risk analysis<br >&nbsp; &nbsp; \u2022 On-going counseling<br >&nbsp; &nbsp; \u2022 Training<br >&nbsp; &nbsp; \u2022 Controls &amp; monitoring<br >&nbsp; &nbsp; \u2022 Reporting<\/p><\/div> <\/div><\/div><div  class=\"col-sm-6\"><div  class=\"row space-bottom\"> <div  class=\"col-sm-fit icon-column\"><i  class=\"fa icon fa-graduation-cap bordered round color1\"><\/i><\/div> <div  class=\"col-sm\" data-type=\"column\"><h5  class=\"color2\" style=\"text-align: left;\"><span  style=\"color: rgb(0, 88, 89);\">EDUCATION<\/span><\/h5> <p  class=\"\" style=\"text-align: left;\">\u2022 Internal controls and supervision (Governance)<br >\u2022 Anti-money laundering and countering the financing of terrorism measures<br >\u2022 Service pension schemes and insurance<br >\u2022 Advisory responsibility<br >\u2022 Board training courses<br >\u2022 Compliance methodology<br >&nbsp; &nbsp;&nbsp;<\/p><\/div> <\/div><\/div><div  class=\"col-sm-6\"><div  class=\"row space-bottom\"> <div  class=\"col-sm-fit icon-column\"><i  class=\"fa icon fa-gavel bordered round color1\"><\/i><\/div> <div  class=\"col-sm\" data-type=\"column\"><h5  class=\"color2\" style=\"text-align: left;\"><font  color=\"#005859\">DISPUTE RESOLUTION<\/font><\/h5><p  class=\"\" style=\"text-align: left;\">\u00b7 Representation in court proceedings<br >\n \u00b7 Procedural analyses<br >\n \u00b7 Correspondence<br >\n \u00b7 Assistance on non-judicial remedies<\/p> <\/div> <\/div><\/div><div  class=\"col-sm-6\"><div  class=\"row space-bottom\"> <div  class=\"col-sm-fit icon-column\" data-preview-empty=\"1\"><\/div> <div  class=\"col-sm\" data-type=\"column\"> <\/div> <\/div><\/div><\/div><\/div> <\/div><div  data-label=\"Contact\" data-id=\"contact--1\" data-export-id=\"contact-1\" data-category=\"contact\" class=\"contact-1 content-section content-section-spacing white-text lazy\" data-parallax-depth=\"20\" id=\"contact-1\" style=\"background-color: rgb(255, 255, 255); background-size: cover; background-position: center top; background-image: url(&quot;https:\/\/apriorilaw.se\/wp-content\/uploads\/2025\/05\/2.png&quot;);\" data-bg=\"url(&quot;https:\/\/apriorilaw.se\/wp-content\/uploads\/2019\/05\/kelly-sikkema-450720-unsplash-e1568833383714.jpg&quot;)\" data-was-processed=\"true\"><div  class=\"gridContainer\"> <div  class=\"row text-center\"><div  class=\"section-title-col\" data-type=\"column\"> <h2  class=\"\" style=\"border-bottom-color: rgb(0, 88, 89);\">Contact us<\/h2> <p  class=\"lead\">Do you want to learn more about how we can help you with? Please fill out the form below and we will be in touch!<\/p><\/div> <\/div> <div  class=\"row text-center\"> <div  class=\"col-xs-12 col-sm-8 col-sm-offset-2 contact-form-wrapper inline-info\"> <div  class=\"card large-padding\"> <div  class=\"\" data-content-shortcode=\"mesmerize_contact_form shortcode=&quot;wpforms id=&amp;amp;quot;45&amp;amp;quot;&quot;\" data-editable=\"true\"><div class=\"wpforms-container wpforms-container-full\" id=\"wpforms-45\"><form id=\"wpforms-form-45\" class=\"wpforms-validate wpforms-form\" data-formid=\"45\" method=\"post\" enctype=\"multipart\/form-data\" action=\"\/en\/wp-json\/wp\/v2\/pages\/219\" data-token=\"7a3fd2273834740530f9a65d4fa62502\" data-trp-original-action=\"\/en\/wp-json\/wp\/v2\/pages\/219\"><noscript class=\"wpforms-error-noscript\">Please enable JavaScript in your browser to complete this form.<\/noscript><div class=\"wpforms-field-container\"><div id=\"wpforms-45-field_0-container\" class=\"wpforms-field wpforms-field-name wpforms-one-half wpforms-first\" data-field-id=\"0\"><label class=\"wpforms-field-label wpforms-label-hide\" for=\"wpforms-45-field_0\">Name <span class=\"wpforms-required-label\">*<\/span><\/label><input type=\"text\" id=\"wpforms-45-field_0\" class=\"wpforms-field-large wpforms-field-required\" name=\"wpforms[fields][0]\" placeholder=\"Name\" required><\/div><div id=\"wpforms-45-field_4-container\" class=\"wpforms-field wpforms-field-text wpforms-one-half\" data-field-id=\"4\"><label class=\"wpforms-field-label wpforms-label-hide\" for=\"wpforms-45-field_4\">Company<\/label><input type=\"text\" id=\"wpforms-45-field_4\" class=\"wpforms-field-large\" name=\"wpforms[fields][4]\" placeholder=\"Company\" ><\/div><div id=\"wpforms-45-field_3-container\" class=\"wpforms-field wpforms-field-number wpforms-one-half wpforms-first\" data-field-id=\"3\"><label class=\"wpforms-field-label wpforms-label-hide\" for=\"wpforms-45-field_3\">Phone number <span class=\"wpforms-required-label\">*<\/span><\/label><input type=\"number\" pattern=\"\\d*\" id=\"wpforms-45-field_3\" class=\"wpforms-field-large wpforms-field-required\" name=\"wpforms[fields][3]\" placeholder=\"Phone number\" required><\/div><div id=\"wpforms-45-field_1-container\" class=\"wpforms-field wpforms-field-email wpforms-one-half\" data-field-id=\"1\"><label class=\"wpforms-field-label wpforms-label-hide\" for=\"wpforms-45-field_1\">E-post <span class=\"wpforms-required-label\">*<\/span><\/label><input type=\"email\" id=\"wpforms-45-field_1\" class=\"wpforms-field-large wpforms-field-required\" name=\"wpforms[fields][1]\" placeholder=\"E-post\" required><\/div><div id=\"wpforms-45-field_5-container\" class=\"wpforms-field wpforms-field-textarea\" data-field-id=\"5\"><label class=\"wpforms-field-label wpforms-label-hide\" for=\"wpforms-45-field_5\">Message<\/label><textarea id=\"wpforms-45-field_5\" class=\"wpforms-field-medium wpforms-limit-words-enabled\" data-form-id=\"45\" data-field-id=\"5\" data-text-limit=\"150\" name=\"wpforms[fields][5]\" placeholder=\"Message\" ><\/textarea><\/div><\/div><div class=\"wpforms-field wpforms-field-hp\"><label for=\"wpforms-45-field-hp\" class=\"wpforms-field-label\">Name<\/label><input type=\"text\" name=\"wpforms[hp]\" id=\"wpforms-45-field-hp\" class=\"wpforms-field-medium\"><\/div><input type=\"hidden\" name=\"wpforms[recaptcha]\" value=\"\"><div class=\"wpforms-submit-container\"><input type=\"hidden\" name=\"wpforms[id]\" value=\"45\"><input type=\"hidden\" name=\"wpforms[author]\" value=\"1\"><button type=\"submit\" name=\"wpforms[submit]\" id=\"wpforms-submit-45\" class=\"wpforms-submit\" data-alt-text=\"Skickar\" data-submit-text=\"Skicka\" aria-live=\"assertive\" value=\"wpforms-submit\">Submit<\/button><\/div><input type=\"hidden\" name=\"trp-form-language\" value=\"en\"\/><\/form><\/div>  <!-- .wpforms-container --><\/div><\/div> <\/div><\/div> <\/div><\/div>","protected":false},"excerpt":{"rendered":"<p>Det h\u00e4r kan vi hj\u00e4lpa dig med Som advokatbyr\u00e5 med specialistkompetens inom finansjuridik, compliance och tillst\u00e5ndfr\u00e5gor \u00e4r vi fr\u00e4mst inriktade p\u00e5 finans- och f\u00f6rs\u00e4kringsbranschen. N\u00e5gra av v\u00e5ra vanligaste uppdrag ligger inom f\u00f6ljande verksamhetsomr\u00e5den. BANK OCH KREDIT &nbsp; &nbsp; \u2022 Intern styrning och kontroll (Governance)&nbsp; &nbsp; \u2022 Kreditmarknadsbolag&nbsp; &nbsp; \u2022 Konsumentkreditinsitut&nbsp; &nbsp; \u2022 \u00c5tg\u00e4rder mot penningtv\u00e4tt&hellip; <br \/> <a class=\"read-more\" href=\"https:\/\/apriorilaw.se\/en\/verksamhetsomraden\/\">Read more<\/a><\/p>","protected":false},"author":1,"featured_media":220,"parent":0,"menu_order":0,"comment_status":"closed","ping_status":"closed","template":"pro\/page-templates\/full-width-page.php","meta":[],"_links":{"self":[{"href":"https:\/\/apriorilaw.se\/en\/wp-json\/wp\/v2\/pages\/219"}],"collection":[{"href":"https:\/\/apriorilaw.se\/en\/wp-json\/wp\/v2\/pages"}],"about":[{"href":"https:\/\/apriorilaw.se\/en\/wp-json\/wp\/v2\/types\/page"}],"author":[{"embeddable":true,"href":"https:\/\/apriorilaw.se\/en\/wp-json\/wp\/v2\/users\/1"}],"replies":[{"embeddable":true,"href":"https:\/\/apriorilaw.se\/en\/wp-json\/wp\/v2\/comments?post=219"}],"version-history":[{"count":35,"href":"https:\/\/apriorilaw.se\/en\/wp-json\/wp\/v2\/pages\/219\/revisions"}],"predecessor-version":[{"id":1695,"href":"https:\/\/apriorilaw.se\/en\/wp-json\/wp\/v2\/pages\/219\/revisions\/1695"}],"wp:featuredmedia":[{"embeddable":true,"href":"https:\/\/apriorilaw.se\/en\/wp-json\/wp\/v2\/media\/220"}],"wp:attachment":[{"href":"https:\/\/apriorilaw.se\/en\/wp-json\/wp\/v2\/media?parent=219"}],"curies":[{"name":"wp","href":"https:\/\/api.w.org\/{rel}","templated":true}]}}