{"id":224,"date":"2019-05-12T18:04:19","date_gmt":"2019-05-12T16:04:19","guid":{"rendered":"http:\/\/apriorilaw.se.preview.binero.se\/?page_id=224"},"modified":"2025-05-27T00:43:14","modified_gmt":"2025-05-26T22:43:14","slug":"compliance","status":"publish","type":"page","link":"https:\/\/apriorilaw.se\/en\/verksamhetsomraden\/compliance\/","title":{"rendered":"Compliance"},"content":{"rendered":"<div  data-label=\"About\" data-id=\"about--1\" data-export-id=\"about-1\" data-category=\"about\" class=\"about-1 content-section\" id=\"about-1\" style=\"background-color: rgb(255, 255, 255);\"><div  class=\"gridContainer\"> <div  class=\"row text-center\"><div  class=\"section-title-col\" data-type=\"column\">  <h2  class=\"\" style=\"border-bottom-color: rgb(0, 88, 89);\">Compliance means <span  style=\"font-style: italic; font-weight: 600; font-family: &quot;Playfair Display&quot;, arial, helvetica, sans-serif;\">to abide by the rules<\/span><\/h2> <p  class=\"lead\" style=\"text-align: left;\">Financial companies are obligated to comply with the laws and regulations that apply to the business. A Compliance officer (responsible for regulatory compliance) is tasked with aiding companies in complying with the rules that apply to the business. The duties include, among other things, assisting in the implementation of internal guidelines and instructions, overseeing compliance, identifying and reporting deficiencies in the compliance, and educating boards and employees in regulatory frameworks. In addition, the Compliance officer must regularly report to the board and management.\n<br >\n<br ><br >We attach great importance to familiarizing ourselves with and understanding the client's specific operations. We do this by carrying out part of the assignment on site with the client. We are also keen to transfer knowledge to our clients so that there is sufficient knowledge internally about the regulations that govern their business.\n<\/p><\/div> <\/div> <div  class=\"row\"> <div  class=\"button-holder space-bottom space-bottom-small\" data-type=\"column\"> <a class=\"button color1\" href=\"https:\/\/apriorilaw.se\/en\/kontakt\/\" target=\"_self\" data-cp-link=\"1\" data-icon=\"\" rel=\"noopener noreferrer\">CONTACT US<\/a><\/div> <div  class=\"col-xs bottom-xs flexbox image-group-bottom-3-img space-bottom-xs center-xs\"> <img  class=\"left-img shadow-large-black lazy error\" data-size=\"500x300\" src=\"https:\/\/apriorilaw.se\/wp-content\/uploads\/2020\/09\/Datorocharbete.jpg\" data-src=\"https:\/\/apriorilaw.se.preview.binero.se\/wp-content\/uploads\/2019\/05\/cropped-background1-low.jpg\" alt=\"Arbete vid dator\" title=\"Datorocharbete\" data-was-processed=\"true\"> <img  class=\"center-img shadow-large-black lazy error\" data-size=\"500x300\" src=\"https:\/\/apriorilaw.se\/wp-content\/uploads\/2019\/07\/DSC0257-e1565078274239.jpg\" data-src=\"https:\/\/apriorilaw.se.preview.binero.se\/wp-content\/uploads\/2019\/05\/cropped-Om-oss-1.jpg\" alt=\"\" title=\"The Apriori Advokatbyr\u00e5s office.\" data-was-processed=\"true\"> <img  class=\"right-img shadow-large-black lazy error\" data-size=\"500x300\" src=\"https:\/\/apriorilaw.se\/wp-content\/uploads\/2023\/10\/5DS7633-Redigera.jpg\" data-src=\"https:\/\/apriorilaw.se.preview.binero.se\/wp-content\/uploads\/2019\/05\/cropped-helloquence-61189-unsplash-2.jpg\" alt=\"\" title=\"_5DS7633 Edit\" data-was-processed=\"true\"><\/div> <\/div><\/div> <\/div><div  data-label=\"Features\" data-id=\"features--1\" data-export-id=\"features-16\" data-category=\"features\" class=\"features-16 content-section content-section-spacing\" id=\"features-1\" style=\"background-color: rgb(245, 250, 253);\"><div  class=\"gridContainer\"> <div  class=\"row text-center\"><div  class=\"section-title-col\" data-type=\"column\">  <p  class=\"lead\" style=\"text-align: center;\">Apriori can take responsibility as outsourced Compliance Officer for clients and is then notified as such to the Financial Supervisory Authority. We can also support clients' existing compliance functions and assist with individual tasks, for example independent checks or GAP analyses.<\/p><\/div> <\/div> <div  class=\"row spaced-cols center-sm content-center-sm\" data-type=\"row\"> <div  class=\"col-xs-12 col-sm-6 col-md-4 space-bottom\">  <div  data-type=\"column\" class=\"col-padding-small col-padding-small-xs description-container\"> <img  class=\"custom-image\" src=\"https:\/\/apriorilaw.se\/wp-content\/uploads\/2019\/06\/charles-1473394-unsplash-e1565083793125.jpg\" alt=\"Gemensam eu tillsyn g\u00e4llande passandebed\u00f6mning\" title=\"The common european supervision of the relevant passandebed\u00f6mning\"><h4  class=\"font-500\">Interim Compliance<\/h4> <p  class=\"\">When employees quit or go on parental leave, it is often necessary to have support from a senior Compliance officer on short notice.<\/p> <a class=\"read-more\" href=\"https:\/\/apriorilaw.se\/en\/verksamhetsomraden\/compliance\/interim-compliance\/\" target=\"_self\" data-cp-link=\"1\" rel=\"noopener noreferrer\">Read more<\/a><\/div> <\/div>  <div  class=\"col-xs-12 col-sm-6 col-md-4 space-bottom\">  <div  data-type=\"column\" class=\"col-padding-small col-padding-small-xs description-container\"> <img  class=\"custom-image\" src=\"https:\/\/apriorilaw.se\/wp-content\/uploads\/2019\/09\/cropped-DSC02263_1-2-scaled.jpg\" alt=\"\" title=\"cropped-DSC02263_1-2.jpg\"><h4  class=\"font-500\">Compliance on demand<\/h4> <p  class=\"\">Do you need continuous support, aid during a high-paced period or assistance during certain periods of the year?<\/p> <a class=\"read-more\" href=\"https:\/\/apriorilaw.se\/en\/verksamhetsomraden\/compliance-on-demand\/\" target=\"_self\" data-cp-link=\"1\" rel=\"noopener noreferrer\">Read more<\/a><\/div> <\/div><\/div> <\/div><\/div><div  data-label=\"Contact\" data-id=\"contact--1\" data-export-id=\"contact-1\" data-category=\"contact\" class=\"contact-1 content-section content-section-spacing white-text lazy\" data-parallax-depth=\"20\" id=\"contact-1\" style=\"background-color: rgb(255, 255, 255); background-size: cover; background-position: center top;\" data-bg=\"url(&quot;https:\/\/apriorilaw.se\/wp-content\/uploads\/2019\/05\/kelly-sikkema-450720-unsplash-e1568833383714.jpg&quot;)\" data-was-processed=\"true\"><div  class=\"gridContainer\"> <div  class=\"row text-center\"><div  class=\"section-title-col\" data-type=\"column\"> <h2  class=\"\" style=\"border-bottom-color: rgb(0, 88, 89);\">Contact us<\/h2> <p  class=\"lead\">If you would like to know more about our services in the area of compliance, please reach out to us!<\/p><\/div> <\/div> <div  class=\"row text-center\"> <div  class=\"col-xs-12 col-sm-8 col-sm-offset-2 contact-form-wrapper inline-info\"> <div  class=\"card large-padding\"> <div  class=\"\" data-content-shortcode=\"mesmerize_contact_form shortcode=&quot;wpforms id=&amp;amp;quot;45&amp;amp;quot;&quot;\" data-editable=\"true\"><div class=\"wpforms-container wpforms-container-full\" id=\"wpforms-45\"><form id=\"wpforms-form-45\" class=\"wpforms-validate wpforms-form\" data-formid=\"45\" method=\"post\" enctype=\"multipart\/form-data\" action=\"\/en\/wp-json\/wp\/v2\/pages\/224\" data-token=\"c3fd80fab80c7df3960cf825c1f928ea\" data-trp-original-action=\"\/en\/wp-json\/wp\/v2\/pages\/224\"><noscript class=\"wpforms-error-noscript\">Please enable JavaScript in your browser to complete this form.<\/noscript><div class=\"wpforms-field-container\"><div id=\"wpforms-45-field_0-container\" class=\"wpforms-field wpforms-field-name wpforms-one-half wpforms-first\" data-field-id=\"0\"><label class=\"wpforms-field-label wpforms-label-hide\" for=\"wpforms-45-field_0\">Name <span class=\"wpforms-required-label\">*<\/span><\/label><input type=\"text\" id=\"wpforms-45-field_0\" class=\"wpforms-field-large wpforms-field-required\" name=\"wpforms[fields][0]\" placeholder=\"Name\" required><\/div><div id=\"wpforms-45-field_4-container\" class=\"wpforms-field wpforms-field-text wpforms-one-half\" data-field-id=\"4\"><label class=\"wpforms-field-label wpforms-label-hide\" for=\"wpforms-45-field_4\">Company<\/label><input type=\"text\" id=\"wpforms-45-field_4\" class=\"wpforms-field-large\" name=\"wpforms[fields][4]\" placeholder=\"Company\" ><\/div><div id=\"wpforms-45-field_3-container\" class=\"wpforms-field wpforms-field-number wpforms-one-half wpforms-first\" data-field-id=\"3\"><label class=\"wpforms-field-label wpforms-label-hide\" for=\"wpforms-45-field_3\">Phone number <span class=\"wpforms-required-label\">*<\/span><\/label><input type=\"number\" pattern=\"\\d*\" id=\"wpforms-45-field_3\" class=\"wpforms-field-large wpforms-field-required\" name=\"wpforms[fields][3]\" placeholder=\"Phone number\" required><\/div><div id=\"wpforms-45-field_1-container\" class=\"wpforms-field wpforms-field-email wpforms-one-half\" data-field-id=\"1\"><label class=\"wpforms-field-label wpforms-label-hide\" for=\"wpforms-45-field_1\">E-post <span class=\"wpforms-required-label\">*<\/span><\/label><input type=\"email\" id=\"wpforms-45-field_1\" class=\"wpforms-field-large wpforms-field-required\" name=\"wpforms[fields][1]\" placeholder=\"E-post\" required><\/div><div id=\"wpforms-45-field_5-container\" class=\"wpforms-field wpforms-field-textarea\" data-field-id=\"5\"><label class=\"wpforms-field-label wpforms-label-hide\" for=\"wpforms-45-field_5\">Message<\/label><textarea id=\"wpforms-45-field_5\" class=\"wpforms-field-medium wpforms-limit-words-enabled\" data-form-id=\"45\" data-field-id=\"5\" data-text-limit=\"150\" name=\"wpforms[fields][5]\" placeholder=\"Message\" ><\/textarea><\/div><\/div><div class=\"wpforms-field wpforms-field-hp\"><label for=\"wpforms-45-field-hp\" class=\"wpforms-field-label\">Email:<\/label><input type=\"text\" name=\"wpforms[hp]\" id=\"wpforms-45-field-hp\" class=\"wpforms-field-medium\"><\/div><input type=\"hidden\" name=\"wpforms[recaptcha]\" value=\"\"><div class=\"wpforms-submit-container\"><input type=\"hidden\" name=\"wpforms[id]\" value=\"45\"><input type=\"hidden\" name=\"wpforms[author]\" value=\"1\"><button type=\"submit\" name=\"wpforms[submit]\" id=\"wpforms-submit-45\" class=\"wpforms-submit\" data-alt-text=\"Skickar\" data-submit-text=\"Skicka\" aria-live=\"assertive\" value=\"wpforms-submit\">Submit<\/button><\/div><input type=\"hidden\" name=\"trp-form-language\" value=\"en\"\/><\/form><\/div>  <!-- .wpforms-container --><\/div><\/div> <\/div><\/div> <\/div><\/div>","protected":false},"excerpt":{"rendered":"<p>Compliance betyder att efterleva Finansiella f\u00f6retag \u00e4r skyldiga att efterleva de lagar och regler som g\u00e4ller f\u00f6r verksamheten. En Compliance officer (regelefterlevnadsansvarig) har i uppgift att hj\u00e4lpa f\u00f6retag att f\u00f6lja de regler som g\u00e4ller f\u00f6r verksamheten. Arbetsuppgifterna inkluderar bland annat att bist\u00e5 vid implementeringen av interna riktlinjer och instruktioner, kontrollera efterlevnaden, identifiera och rapportera brister&hellip; <br \/> <a class=\"read-more\" href=\"https:\/\/apriorilaw.se\/en\/verksamhetsomraden\/compliance\/\">Read more<\/a><\/p>","protected":false},"author":1,"featured_media":225,"parent":219,"menu_order":0,"comment_status":"closed","ping_status":"closed","template":"pro\/page-templates\/full-width-page.php","meta":[],"_links":{"self":[{"href":"https:\/\/apriorilaw.se\/en\/wp-json\/wp\/v2\/pages\/224"}],"collection":[{"href":"https:\/\/apriorilaw.se\/en\/wp-json\/wp\/v2\/pages"}],"about":[{"href":"https:\/\/apriorilaw.se\/en\/wp-json\/wp\/v2\/types\/page"}],"author":[{"embeddable":true,"href":"https:\/\/apriorilaw.se\/en\/wp-json\/wp\/v2\/users\/1"}],"replies":[{"embeddable":true,"href":"https:\/\/apriorilaw.se\/en\/wp-json\/wp\/v2\/comments?post=224"}],"version-history":[{"count":21,"href":"https:\/\/apriorilaw.se\/en\/wp-json\/wp\/v2\/pages\/224\/revisions"}],"predecessor-version":[{"id":1551,"href":"https:\/\/apriorilaw.se\/en\/wp-json\/wp\/v2\/pages\/224\/revisions\/1551"}],"up":[{"embeddable":true,"href":"https:\/\/apriorilaw.se\/en\/wp-json\/wp\/v2\/pages\/219"}],"wp:featuredmedia":[{"embeddable":true,"href":"https:\/\/apriorilaw.se\/en\/wp-json\/wp\/v2\/media\/225"}],"wp:attachment":[{"href":"https:\/\/apriorilaw.se\/en\/wp-json\/wp\/v2\/media?parent=224"}],"curies":[{"name":"wp","href":"https:\/\/api.w.org\/{rel}","templated":true}]}}