{"id":3,"date":"2019-05-06T20:25:12","date_gmt":"2019-05-06T18:25:12","guid":{"rendered":"http:\/\/apriorilaw.se.preview.binero.se\/?page_id=3"},"modified":"2025-05-25T11:37:39","modified_gmt":"2025-05-25T09:37:39","slug":"integritetspolicy","status":"publish","type":"page","link":"https:\/\/apriorilaw.se\/en\/integritetspolicy\/","title":{"rendered":"Privacy policy"},"content":{"rendered":"<div  data-label=\"Content\" data-id=\"content--1\" data-export-id=\"content-12\" data-category=\"content\" class=\"content-12 content-section content-section-spacing\" id=\"content-1\" style=\"background-color: rgb(255, 255, 255);\"><div  class=\"gridContainer\"> <div  class=\"row text-center\"><div  class=\"section-title-col\" data-type=\"column\"> <h2  class=\"\">Behandling av personuppgifter<\/h2> <p  class=\"lead\" style=\"text-align: left;\">Apriori Advokatbyr\u00e5 AB (Apriori) \u00e4r personuppgiftsansvarig f\u00f6r de personuppgifter vi erh\u00e5ller i samband med uppdrag eller som annars behandlas n\u00e4r uppdraget f\u00f6rbereds eller administreras. Du \u00e4r inte skyldig att l\u00e4mna personuppgifter till oss men utan att det sker kan vi inte \u00e5ta oss ett uppdrag eftersom vi inte kan genomf\u00f6ra n\u00f6dv\u00e4ndig j\u00e4vs- och penningtv\u00e4ttskontroll.\n<br ><br >\nVi behandlar uppgifterna f\u00f6r att genomf\u00f6ra obligatorisk j\u00e4vs- och (i f\u00f6rekommande fall) penningtv\u00e4ttskontroll, utf\u00f6ra och administrera uppdraget, f\u00f6r att tillvarata dina intressen, f\u00f6r redovisnings- och fakturerings\u00e4ndam\u00e5l. Dessa uppgifter behandlas p\u00e5 grundval av fullg\u00f6rande av avtal.\n<br ><br >\nVi kommer inte att l\u00e4mna ut personuppgifter till utomst\u00e5ende annat \u00e4n i de fall d\u00e5 (i) det s\u00e4rskilt \u00f6verenskommits mellan Apriori och dig, (ii) d\u00e5 det inom ramen f\u00f6r ett visst uppdrag \u00e4r n\u00f6dv\u00e4ndigt f\u00f6r att tillvarata dina r\u00e4ttigheter, (iii) om det \u00e4r n\u00f6dv\u00e4ndigt f\u00f6r att vi skall fullg\u00f6ra lagstadgad skyldighet eller efterkomma myndighetsbeslut eller beslut av domstol, eller (iv) f\u00f6r det fall vi anlitar utomst\u00e5ende tj\u00e4nsteleverant\u00f6rer som utf\u00f6r uppdrag f\u00f6r v\u00e5r r\u00e4kning. Uppgifterna kan komma att l\u00e4mnas ut till domstolar, myndigheter, motparter och motpartsombud om det \u00e4r n\u00f6dv\u00e4ndigt f\u00f6r att tillvarata dina r\u00e4ttigheter.\n<br ><br >\nPersonuppgifterna sparas, i enlighet med den skyldighet som \u00e5vilar Apriori enligt V\u00e4gledande regler f\u00f6r god advokatsed, under en tid om tio \u00e5r fr\u00e5n dagen f\u00f6r \u00e4rendets slutf\u00f6rande, eller den l\u00e4ngre tid som p\u00e5kallas av \u00e4rendets natur.\n<br ><br >\nDu har r\u00e4tt att kostnadsfritt beg\u00e4ra information fr\u00e5n Apriori om behandlingen av de personuppgifter som r\u00f6r dig. Vi kommer p\u00e5 din beg\u00e4ran eller p\u00e5 eget initiativ r\u00e4tta eller radera uppgifter som \u00e4r felaktiga eller begr\u00e4nsa behandlingen av s\u00e5dana uppgifter. Du har ocks\u00e5 r\u00e4tt att f\u00e5 del av dina personuppgifter i ett maskinl\u00e4sbart format eller att f\u00e5 uppgifterna \u00f6verf\u00f6rda till en tredje part som du anvisar. Om du \u00e4r missn\u00f6jd med v\u00e5r behandling kan du l\u00e4mna in ett klagom\u00e5l till Integritetsskyddsmyndigheten (IMY)<a data-mce-href=\"http:\/\/www.datainspektionen.se\" href=\"http:\/\/www.datainspektionen.se\" target=\"_blank\" rel=\"noopener noreferrer\" data-mce-selected=\"inline-boundary\" data-cp-link=\"1\" class=\"\"><\/a>&nbsp;(www.imy.se). Du kan ocks\u00e5 v\u00e4nda dig till tillsynsmyndigheten i det land d\u00e4r du bor eller arbetar.\n<br ><br >\nDina personuppgifter \u00f6verf\u00f6rs till tredje land endast i fall du \u00e4r bosatt utanf\u00f6r EU\/EES-omr\u00e5det. I s\u00e5 fall \u00f6verf\u00f6r Apriori dina personuppgifter till tredje land om \u00f6verf\u00f6ringen \u00e4r n\u00f6dv\u00e4ndig f\u00f6r att fullf\u00f6ra ett avtal mellan dig och Apriori eller f\u00f6r att genomf\u00f6ra \u00e5tg\u00e4rder som f\u00f6reg\u00e5r s\u00e5dant avtal p\u00e5 din beg\u00e4ran.\n<br ><br ><br >\nKontakta oss p\u00e5 info@apriorilaw.se om du har n\u00e5gra fr\u00e5gor r\u00f6rande v\u00e5r personuppgiftsbehandling.<br ><br >\nPersonuppgiftsansvarig \u00e4r Apriori Advokatbyr\u00e5 AB.<br >\nOrg.nr: 556921-0312<br >\nAdress: Nybrogatan 7, 11434 Stockholm<br >\nV\u00e4xel: 08-403 777 10<br >\nWebbadress: www.apriorilaw.se<br >\nE-postadress: info@apriorilaw.se\n<\/p><\/div> <\/div> <div  class=\"row center-xs middle-xs\"> <div  class=\"col-sm-9\" data-type=\"column\"> <\/div> <\/div><\/div> <\/div>","protected":false},"excerpt":{"rendered":"<p>Behandling av personuppgifter Apriori Advokatbyr\u00e5 AB (Apriori) \u00e4r personuppgiftsansvarig f\u00f6r de personuppgifter vi erh\u00e5ller i samband med uppdrag eller som annars behandlas n\u00e4r uppdraget f\u00f6rbereds eller administreras. Du \u00e4r inte skyldig att l\u00e4mna personuppgifter till oss men utan att det sker kan vi inte \u00e5ta oss ett uppdrag eftersom vi inte kan genomf\u00f6ra n\u00f6dv\u00e4ndig j\u00e4vs-&hellip; <br \/> <a class=\"read-more\" href=\"https:\/\/apriorilaw.se\/en\/integritetspolicy\/\">Read more<\/a><\/p>","protected":false},"author":1,"featured_media":0,"parent":0,"menu_order":0,"comment_status":"closed","ping_status":"open","template":"pro\/page-templates\/full-width-page.php","meta":[],"_links":{"self":[{"href":"https:\/\/apriorilaw.se\/en\/wp-json\/wp\/v2\/pages\/3"}],"collection":[{"href":"https:\/\/apriorilaw.se\/en\/wp-json\/wp\/v2\/pages"}],"about":[{"href":"https:\/\/apriorilaw.se\/en\/wp-json\/wp\/v2\/types\/page"}],"author":[{"embeddable":true,"href":"https:\/\/apriorilaw.se\/en\/wp-json\/wp\/v2\/users\/1"}],"replies":[{"embeddable":true,"href":"https:\/\/apriorilaw.se\/en\/wp-json\/wp\/v2\/comments?post=3"}],"version-history":[{"count":9,"href":"https:\/\/apriorilaw.se\/en\/wp-json\/wp\/v2\/pages\/3\/revisions"}],"predecessor-version":[{"id":1502,"href":"https:\/\/apriorilaw.se\/en\/wp-json\/wp\/v2\/pages\/3\/revisions\/1502"}],"wp:attachment":[{"href":"https:\/\/apriorilaw.se\/en\/wp-json\/wp\/v2\/media?parent=3"}],"curies":[{"name":"wp","href":"https:\/\/api.w.org\/{rel}","templated":true}]}}