{"id":446,"date":"2019-08-06T10:26:28","date_gmt":"2019-08-06T08:26:28","guid":{"rendered":"https:\/\/apriorilaw.se\/?page_id=446"},"modified":"2025-06-09T10:09:12","modified_gmt":"2025-06-09T08:09:12","slug":"soka-tillstand-for-finansiell-verksamhet","status":"publish","type":"page","link":"https:\/\/apriorilaw.se\/en\/verksamhetsomraden\/soka-tillstand-for-finansiell-verksamhet\/","title":{"rendered":"Applying for authorization"},"content":{"rendered":"<div  data-label=\"Content\" data-id=\"content--1\" data-export-id=\"content-12\" data-category=\"content\" class=\"content-12 content-section content-section-spacing\" id=\"content-1\" style=\"background-color: rgb(255, 255, 255);\"><div  class=\"gridContainer\"> <div  class=\"row text-center\"><div  class=\"section-title-col\" data-type=\"column\"> <p  class=\"lead\" style=\"text-align: left;\">A business that provides financial services to individuals and businesses in most cases need to receive a permit or a registration from the Swedish financial supervisory authority (SFSA). When reviewing applications for permits the SFSA, among other things, takes into account the company's business, owners and management, as well as the financials. To be approved will require a good knowledge of the financial regulatory framework and practical experience. Since authorization is often critical for financial companies, and as getting it is often a complex and time-consuming process, it is usual for companies to outsource the process to experts in the field in order to ensure the application is successful.<\/p> <\/div> <\/div> <div  class=\"row center-xs middle-xs\"> <div  class=\"col-sm-9\" data-type=\"column\"> <\/div> <\/div><\/div> <\/div><div  data-label=\"Content\" data-id=\"content--2\" data-export-id=\"content-3\" data-category=\"content\" class=\"content-3 content-section content-section-spacing\" id=\"content-2\" style=\"background-color: rgb(245, 250, 253);\"><div > <div  class=\"row middle-xs\"><div  class=\"col-sm-7 full-col-left-padding full-col-right-padding\"> <div  class=\"row\"><div  data-type=\"column\" class=\"space-bottom-small content-title-col\">  <h2  class=\"\" style=\"border-bottom-color: rgb(0, 88, 89);\">Apply for a license, or to register your business?<\/h2> <p  class=\"\">Most of the companies that wish to provide financial services need to obtain a licence from the SFSA. If your business is a financial institution or a deposit company (including companies in the retail and lone industries) it oftentimes is enough to register the company in question. Examples of activities that require a permit include:<\/p><\/div> <\/div> <div  class=\"row spaced-cols start-sm\" data-type=\"row\"> <div  class=\"col-xs-6 col-md-6\" data-type=\"column\"> <h5  class=\"\"><span  style=\"font-weight: 600;\">Banks\n<\/span><br ><br ><span  style=\"font-weight: 600;\">Payment Service Institutions&nbsp;<\/span><br ><br ><span  style=\"font-weight: 600;\">Fund managers &amp; AIFM:s&nbsp;<\/span><br ><br ><span  style=\"font-weight: 600;\">Companies in the insurance and service pension industries<\/span><\/h5> <\/div>    <div  class=\"col-xs-6 col-md-6\" data-type=\"column\"> <h5  class=\"\"><span  style=\"font-weight: 600;\">Companies in the credit market\n<\/span><br ><span  id=\"_mce_caret\" data-mce-bogus=\"1\" data-mce-type=\"format-caret\"><span  style=\"font-weight: 300;\"><\/span><\/span><br ><span  style=\"font-weight: 600;\">Konsument- och kreditinstitut \n<br ><br >Institution\n<\/span><br ><span  style=\"font-weight: 600;\">Securities companies<\/span><\/h5> <\/div><\/div><\/div> <div  class=\"col-sm-5 bg-image shadow-large-black revert-classes-holder lazy\" data-bg=\"image\" data-was-processed=\"true\"><\/div><\/div> <\/div><\/div><div  data-label=\"Content\" data-id=\"content--3\" data-export-id=\"content-12\" data-category=\"content\" class=\"content-12 content-section content-section-spacing\" id=\"content-3\" style=\"background-color: rgb(255, 255, 255);\"><div  class=\"gridContainer\"> <div  class=\"row text-center\"><div  class=\"section-title-col\" data-type=\"column\"> <h2  class=\"\" style=\"border-bottom-color: rgb(0, 88, 89);\">How to apply for permits for financial activities<\/h2> <p  class=\"\" style=\"text-align: left;\">\nWriting the permit application to the SFSA is the most time-consuming part of the application process. The time required to prepare the application varies depending on the type of permit you are applying for and must be assessed on a case-by-case basis.<br ><br >A permit application shall contain the following information:\n<br ><br >\n\u2022 Owners and managers<br >\n\u2022 Nature of business<br >\n\u2022 The capital adequacy ratio\/capital<br >\n\u2022 Financial forecasts<br >\n\u2022 Anti-money laundering measures<br >\n\u2022 Management of conflicts of interest<br >\n\u2022 Routines and processes for IT and information security\n<br ><br >\nThe application needs to be formulated in a way that is easy to understand and should contain references to current regulations and the relevant legal material. It must provide a clear overview of what the company will do as well as what risks exist and how these will be handled.\n<br ><br >\nWhen the application is submitted, the SFSA assesses whether the application is complete. If the application needs to be supplemented, the company must produce additional documentation before the SFSA can begin the review itself. The processing time varies from case to case and can be stretch between four weeks up to six months (and sometimes takes longer than that). Sometimes questions arise during the course of processing and then additional procedures are required in order for the application process to continue.\n<br ><br >\nOnce you have received authorization, your company is under the SFSA's supervision, which means that the agency continuously evaluates risks related to your business through for example mandatory reporting to the SFSA.\n<br ><br >\nWriting a permit application is a complicated process and often requires expert knowledge in several different financial regulatory fields. Companies often choose to hire specialist teams in license applications within financial services. At Apriori, we have extensive experience in writing permit applications for, among other things, AIF managers, investment companies, consumer credit institutes, payment service providers, and currency exchanges.&nbsp;\n<\/p><h3  class=\"\">The cost of apply for a permit<\/h3><p  class=\"\" style=\"text-align: left;\">The SFSA charges a fee when you apply for a permit for your business. The fee is a one-off cost with the aim of covering the SFSA's costs related to the application process. The size of the permit fee  depends on the type of permit you apply for.<\/p><\/div> <\/div> <div  class=\"row center-xs middle-xs\"> <div  class=\"col-sm-9\" data-type=\"column\"> <\/div> <\/div><\/div> <\/div><div  data-label=\"Cta\" data-id=\"cta--1\" data-export-id=\"cta-centered-bg-section\" data-category=\"cta\" data-section-ov=\"1\" class=\"cta-centered-bg-section content-section content-section-spacing-medium white-text\" data-parallax-depth=\"20\" id=\"cta-1\" style=\"background-color: rgb(245, 250, 253);\"><div  class=\"gridContainer\"> <div  class=\"row text-center\"><div  data-type=\"column\" class=\"\"> <h2  class=\"\" style=\"border-bottom-color: rgb(0, 88, 89);\">Do you need advice on how to apply for a permit?&nbsp;<\/h2> <a class=\"button color1\" href=\"https:\/\/apriorilaw.se\/en\/om-apriori\/kontakt\/\" target=\"_self\" data-cp-link=\"1\" data-icon=\"\" rel=\"noopener noreferrer\">CONTACT US<\/a><\/div> <\/div><\/div> <\/div><div  data-label=\"Content\" data-id=\"content--5\" data-export-id=\"content-3\" data-category=\"content\" class=\"content-3 content-section content-section-spacing\" id=\"content-5\" style=\"background-color: rgb(245, 250, 253);\"><div > <div  class=\"row middle-xs\"><div  class=\"col-sm-7 full-col-left-padding full-col-right-padding\"> <div  class=\"row\"><div  data-type=\"column\" class=\"space-bottom-small content-title-col\">  <h2  class=\"\" style=\"border-bottom-color: rgb(0, 88, 89);\">What type of permit should I apply for?<\/h2> <p  class=\"\">No matter which the type of financial business you want to pursue, you need to apply for the correct corresponding permit. The most common permits include:<\/p><\/div> <\/div> <div  class=\"row spaced-cols\" data-type=\"row\"> <div  class=\"col-xs-6 col-md-6\" data-type=\"column\"> <h5  class=\"\"><span  style=\"font-weight: 600;\">AIFM:s\n<\/span><br ><br ><span  style=\"font-weight: 600;\">Banking or financing operations<\/span><br ><br ><span  style=\"font-weight: 600;\">Payment services\n<\/span><br ><br ><span  style=\"font-weight: 600;\">Fund management\n\n<\/span><br ><br ><span  style=\"font-weight: 600;\">Insurance\n<\/span><br ><br ><span  style=\"font-weight: 600;\">Mortgage credit institutes<\/span><\/h5> <\/div>    <div  class=\"col-xs-6 col-md-6\" data-type=\"column\"> <h5  class=\"\"><span  style=\"font-weight: 600;\">Deposits\/loans and receivables\n<\/span><br ><br ><span  style=\"font-weight: 600;\">\nActivities in the service pension industry\n<\/span><br ><br ><span  style=\"font-weight: 600;\">\nCurrency converter (for example Bitcoin converters)\n<\/span><br ><br ><span  style=\"font-weight: 600;\">\nSecurities\n<br ><br >Debt collection operations<\/span><\/h5> <\/div><\/div><\/div> <div  class=\"col-sm-5 bg-image shadow-large-black revert-classes-holder lazy\" data-bg=\"image\"><\/div><\/div> <\/div><\/div><div  data-label=\"Content\" data-id=\"content--6\" data-export-id=\"content-12\" data-category=\"content\" class=\"content-12 content-section content-section-spacing\" id=\"content-6\" style=\"background-color: rgb(255, 255, 255);\"><div  class=\"gridContainer\"> <div  class=\"row text-center\"><div  class=\"section-title-col\" data-type=\"column\"> <h2  class=\"\" style=\"border-bottom-color: rgb(0, 88, 89);\">Individual consultation on permit applications<\/h2> <p  class=\"\" style=\"text-align: left;\">It is often a good idea to get advice on which permit(s) your company needs to apply for at at the earliest possible point. Since permits often limit how the business can be conducted, it is important to find the right structure for the business right from the start. Otherwise, there is a risk that the operational part of the business does not work as intended, which may mean that you have to apply for a new permit shortly after the business has started its operations.\n<br ><br >\nApriori has extensive experience in reviewing new business strategies and expose hidden obstacles that might be a different kind of strategies. An early consultation is an inexpensive insurance to avoid expensive costs related to permit processes.<\/p><\/div> <\/div> <div  class=\"row center-xs middle-xs\"> <div  class=\"col-sm-9\" data-type=\"column\"> <\/div> <\/div><\/div> <\/div><div  data-label=\"Contact\" data-id=\"contact--1\" data-export-id=\"contact-1\" data-category=\"contact\" class=\"contact-1 content-section content-section-spacing white-text lazy\" data-parallax-depth=\"20\" id=\"contact-1\" style=\"background-color: rgb(245, 250, 253); background-size: cover; background-position: center top; background-image: url(&quot;https:\/\/apriorilaw.se\/wp-content\/uploads\/2025\/05\/2.png&quot;);\" data-bg=\"url(&quot;https:\/\/apriorilaw.se\/wp-content\/uploads\/2019\/05\/kelly-sikkema-450720-unsplash-e1565079285389.jpg&quot;)\"><div  class=\"gridContainer\"> <div  class=\"row text-center\"><div  class=\"section-title-col\" data-type=\"column\"> <h2  class=\"\" style=\"border-bottom-color: rgb(0, 88, 89);\">Do you need advice on your permit application?<\/h2> <p  class=\"lead\">Fill the form and we will get back to you as soon as possible.<\/p><\/div> <\/div> <div  class=\"row text-center\"> <div  class=\"col-xs-12 col-sm-8 col-sm-offset-2 contact-form-wrapper inline-info\"> <div  class=\"card large-padding\"> <div  class=\"\" data-content-shortcode=\"mesmerize_contact_form shortcode=&quot;wpforms id=&amp;amp;quot;45&amp;amp;quot;&quot;\" data-editable=\"true\"><div class=\"wpforms-container wpforms-container-full\" id=\"wpforms-45\"><form id=\"wpforms-form-45\" class=\"wpforms-validate wpforms-form\" data-formid=\"45\" method=\"post\" enctype=\"multipart\/form-data\" action=\"\/en\/wp-json\/wp\/v2\/pages\/446\" data-token=\"c3fd80fab80c7df3960cf825c1f928ea\" data-trp-original-action=\"\/en\/wp-json\/wp\/v2\/pages\/446\"><noscript class=\"wpforms-error-noscript\">Please enable JavaScript in your browser to complete this form.<\/noscript><div class=\"wpforms-field-container\"><div id=\"wpforms-45-field_0-container\" class=\"wpforms-field wpforms-field-name wpforms-one-half wpforms-first\" data-field-id=\"0\"><label class=\"wpforms-field-label wpforms-label-hide\" for=\"wpforms-45-field_0\">Name <span class=\"wpforms-required-label\">*<\/span><\/label><input type=\"text\" id=\"wpforms-45-field_0\" class=\"wpforms-field-large wpforms-field-required\" name=\"wpforms[fields][0]\" placeholder=\"Name\" required><\/div><div id=\"wpforms-45-field_4-container\" class=\"wpforms-field wpforms-field-text wpforms-one-half\" data-field-id=\"4\"><label class=\"wpforms-field-label wpforms-label-hide\" for=\"wpforms-45-field_4\">Company<\/label><input type=\"text\" id=\"wpforms-45-field_4\" class=\"wpforms-field-large\" name=\"wpforms[fields][4]\" placeholder=\"Company\" ><\/div><div id=\"wpforms-45-field_3-container\" class=\"wpforms-field wpforms-field-number wpforms-one-half wpforms-first\" data-field-id=\"3\"><label class=\"wpforms-field-label wpforms-label-hide\" for=\"wpforms-45-field_3\">Phone number <span class=\"wpforms-required-label\">*<\/span><\/label><input type=\"number\" pattern=\"\\d*\" id=\"wpforms-45-field_3\" class=\"wpforms-field-large wpforms-field-required\" name=\"wpforms[fields][3]\" placeholder=\"Phone number\" required><\/div><div id=\"wpforms-45-field_1-container\" class=\"wpforms-field wpforms-field-email wpforms-one-half\" data-field-id=\"1\"><label class=\"wpforms-field-label wpforms-label-hide\" for=\"wpforms-45-field_1\">E-post <span class=\"wpforms-required-label\">*<\/span><\/label><input type=\"email\" id=\"wpforms-45-field_1\" class=\"wpforms-field-large wpforms-field-required\" name=\"wpforms[fields][1]\" placeholder=\"E-post\" required><\/div><div id=\"wpforms-45-field_5-container\" class=\"wpforms-field wpforms-field-textarea\" data-field-id=\"5\"><label class=\"wpforms-field-label wpforms-label-hide\" for=\"wpforms-45-field_5\">Message<\/label><textarea id=\"wpforms-45-field_5\" class=\"wpforms-field-medium wpforms-limit-words-enabled\" data-form-id=\"45\" data-field-id=\"5\" data-text-limit=\"150\" name=\"wpforms[fields][5]\" placeholder=\"Message\" ><\/textarea><\/div><\/div><div class=\"wpforms-field wpforms-field-hp\"><label for=\"wpforms-45-field-hp\" class=\"wpforms-field-label\">Message<\/label><input type=\"text\" name=\"wpforms[hp]\" id=\"wpforms-45-field-hp\" class=\"wpforms-field-medium\"><\/div><input type=\"hidden\" name=\"wpforms[recaptcha]\" value=\"\"><div class=\"wpforms-submit-container\"><input type=\"hidden\" name=\"wpforms[id]\" value=\"45\"><input type=\"hidden\" name=\"wpforms[author]\" value=\"3\"><button type=\"submit\" name=\"wpforms[submit]\" id=\"wpforms-submit-45\" class=\"wpforms-submit\" data-alt-text=\"Skickar\" data-submit-text=\"Skicka\" aria-live=\"assertive\" value=\"wpforms-submit\">Submit<\/button><\/div><input type=\"hidden\" name=\"trp-form-language\" value=\"en\"\/><\/form><\/div>  <!-- .wpforms-container --><\/div><\/div> <\/div><\/div> <\/div><\/div>","protected":false},"excerpt":{"rendered":"<p>En verksamhet som erbjuder finansiella tj\u00e4nster till privatpersoner och f\u00f6retag beh\u00f6ver i de flesta fall ett tillst\u00e5nd fr\u00e5n Finansinspektionen (FI). I en tillst\u00e5ndsans\u00f6kan bed\u00f6mer FI bland annat bolagets verksamhetsplan, \u00e4gare och f\u00f6retagsledning samt f\u00f6retagets kapitalsituation.&nbsp;Att s\u00f6ka tillst\u00e5nd kr\u00e4ver god kunskap om finansiella regelverk och praktisk erfarenhet. Eftersom tillst\u00e5ndet ofta \u00e4r aff\u00e4rskritiskt f\u00f6r verksamheten samt en&hellip; <br \/> <a class=\"read-more\" href=\"https:\/\/apriorilaw.se\/en\/verksamhetsomraden\/soka-tillstand-for-finansiell-verksamhet\/\">Read more<\/a><\/p>","protected":false},"author":3,"featured_media":448,"parent":219,"menu_order":0,"comment_status":"closed","ping_status":"closed","template":"pro\/page-templates\/full-width-page.php","meta":[],"_links":{"self":[{"href":"https:\/\/apriorilaw.se\/en\/wp-json\/wp\/v2\/pages\/446"}],"collection":[{"href":"https:\/\/apriorilaw.se\/en\/wp-json\/wp\/v2\/pages"}],"about":[{"href":"https:\/\/apriorilaw.se\/en\/wp-json\/wp\/v2\/types\/page"}],"author":[{"embeddable":true,"href":"https:\/\/apriorilaw.se\/en\/wp-json\/wp\/v2\/users\/3"}],"replies":[{"embeddable":true,"href":"https:\/\/apriorilaw.se\/en\/wp-json\/wp\/v2\/comments?post=446"}],"version-history":[{"count":12,"href":"https:\/\/apriorilaw.se\/en\/wp-json\/wp\/v2\/pages\/446\/revisions"}],"predecessor-version":[{"id":1671,"href":"https:\/\/apriorilaw.se\/en\/wp-json\/wp\/v2\/pages\/446\/revisions\/1671"}],"up":[{"embeddable":true,"href":"https:\/\/apriorilaw.se\/en\/wp-json\/wp\/v2\/pages\/219"}],"wp:featuredmedia":[{"embeddable":true,"href":"https:\/\/apriorilaw.se\/en\/wp-json\/wp\/v2\/media\/448"}],"wp:attachment":[{"href":"https:\/\/apriorilaw.se\/en\/wp-json\/wp\/v2\/media?parent=446"}],"curies":[{"name":"wp","href":"https:\/\/api.w.org\/{rel}","templated":true}]}}