{"id":56,"date":"2019-05-08T21:39:19","date_gmt":"2019-05-08T19:39:19","guid":{"rendered":"http:\/\/apriorilaw.se.preview.binero.se\/?page_id=56"},"modified":"2025-05-26T21:16:03","modified_gmt":"2025-05-26T19:16:03","slug":"om-apriori","status":"publish","type":"page","link":"https:\/\/apriorilaw.se\/en\/om-apriori\/","title":{"rendered":"About us"},"content":{"rendered":"<div  data-label=\"Content\" data-id=\"content--3\" data-export-id=\"content-7\" data-category=\"content\" class=\"content-7 content-section content-section-spacing\" id=\"content-3\" style=\"background-color: rgb(255, 255, 255);\"><div  class=\"gridContainer\"> <div  class=\"row middle-sm\"><div  class=\"col-sm-6 space-bottom-xs\" data-type=\"column\"> <h2  class=\"\" style=\"border-bottom-color: rgb(0, 88, 89);\">Boutique law firm in Stockholm<\/h2><p  class=\"\">Apriori is a boutique law firm with focus on, experience in and knowledge of financial law. We are one of the leading Swedish law firms in financial regulatory law. Apriori not only has deep knowledge of the law but also of business as such. This significantly reduces the initial phase of handling regulatory and business matters and allows us to see and meet our clients' needs in a unique way. Apriori is a law firm with extensive experience in the financial sector. We are specialists in financial law and compliance.\n<br ><br >\nRegelverket f\u00f6r bolag i finansbranschen \u00e4r omfattande och komplext. Aprioris medarbetare har arbetat operativt p\u00e5 s\u00e5dana bolag som idag \u00e4r v\u00e5ra klienter. Vi f\u00f6rst\u00e5r d\u00e4rf\u00f6r v\u00e5ra klientens behov snabbt och nyttjar v\u00e5r kunskap p\u00e5 det mest effektiva t\u00e4nkbara s\u00e4tt. Vi vill p\u00e5st\u00e5 att vi \u00e4r specialister.<\/p>  <\/div> <div  class=\"col-sm-6\" data-type=\"column\"> <img  class=\"shadow-large\" src=\"https:\/\/apriorilaw.se\/wp-content\/uploads\/2025\/02\/Namnlo\u0308s-design-1.png\" alt=\"\" title=\"Namnlo\u0308s design (1)\"><\/div> <\/div><\/div> <\/div><div  data-label=\"Content\" data-id=\"content--2\" data-export-id=\"content-19\" data-category=\"content\" class=\"content-19 content-section content-section-spacing white-text\" id=\"content-2\" style=\"background-image: none; background-color: rgb(243, 243, 243);\"><div  class=\"gridContainer\"> <div  class=\"row\"><div  data-type=\"column\" class=\"col-sm-6 content-col text-center content-section-spacing shadow\"> <i  class=\"fa icon fa-briefcase big color1\"><\/i> <h2  class=\"font-300\" style=\"border-bottom-color: rgb(0, 88, 89);\">Associate member of the Swedish Investment Fund Association<\/h2>  <p  class=\"\">The Swedish Investment Fund Association is a trade organization tasked with safeguarding the interests of investors and fund management companies. Via this association, we are involved in, and influence, the industry's development to promote transparency and reliability in the industry.<\/p> <a href=\"https:\/\/www.fondbolagen.se\/om-oss\/foreningens-uppdrag\" class=\"button color2\" target=\"_blank\" data-cp-link=\"1\" data-icon=\"\" rel=\"noopener noreferrer\">The Association's website<\/a><\/div> <div  class=\"col-sm-5 flexbox-strech center-xs middle-xs no-gutter-col\"><div  class=\"flexbox middle-xs center-xs right-img\" data-bg=\"image\" style=\"background-image: url(&quot;https:\/\/apriorilaw.se\/wp-content\/uploads\/2019\/05\/cropped-fondforeningen-1.jpg&quot;);\"><\/div><\/div> <\/div><\/div> <\/div><div  data-label=\"Features\" data-id=\"features--1\" data-export-id=\"features-5\" data-category=\"features\" class=\"features-5 content-section-spacing\" id=\"features-1\" style=\"background-color: rgb(255, 255, 255);\"><div  class=\"gridContainer\"> <div  class=\"row text-center\"><div  class=\"section-title-col\" data-type=\"column\"> <h2  class=\"\" style=\"border-bottom-color: rgb(0, 88, 89);\">Our values<\/h2> <p  class=\"lead\">Hos oss arbetar vi alla utifr\u00e5n tre grundv\u00e4rderingar. Dessa genomsyrar inte bara v\u00e5r f\u00f6retagskultur, utan skapar \u00e4ven h\u00f6g kvalit\u00e9 i v\u00e5ra leveranser mot dig som kund!<\/p><\/div> <\/div> <div  class=\"row text-center\" data-type=\"row\"> <div  class=\"col-xs-12 col-sm-4 col-md-4 col-padding-small space-top-xs\"> <div  class=\"number-container\"> <div  class=\"link-line left bg-color1\"><\/div> <p  class=\"number border-color1 color1\"><span >1<\/span><\/p> <div  class=\"link-line right bg-color1\"><\/div><\/div> <div  data-type=\"column\" class=\"\"><h5  class=\"\">KNOWLEDGE<\/h5> <p  class=\"text-center\">Knowledge not only of the relevant regulatory framework but also of how companies and businesses are operating gives us the depth of knowledge and understanding required to be able to find sustainable and long-term solutions.<\/p><\/div> <\/div> <div  class=\"col-xs-12 col-sm-4 col-md-4 col-padding-small space-top-xs\"> <div  class=\"number-container\"> <div  class=\"link-line left bg-color1\"><\/div> <p  class=\"number border-color1 color1\"><span >2<\/span><\/p> <div  class=\"link-line right bg-color1\"><\/div><\/div> <div  data-type=\"column\" class=\"\"><h5  class=\"\">EXPERIENCE<\/h5> <p  class=\"text-center\">We share our years of experience, both operationally and as consultants, with each other and with our customers.<\/p><\/div><\/div> <div  class=\"col-xs-12 col-sm-4 col-md-4 col-padding-small space-top-xs\"><div  class=\"number-container\"> <div  class=\"link-line left bg-color1\"><\/div> <p  class=\"number border-color1 color1\"><span >3<\/span><\/p> <div  class=\"link-line right bg-color1\"><\/div><\/div> <div  data-type=\"column\" class=\"\"><h5  class=\"\">SERVICE<\/h5> <p  class=\"text-center\">T have satisfied customers is the most important thing to us, which is why service is a central concept in everything we do.<\/p><\/div> <\/div><\/div> <\/div><\/div><div  data-label=\"Contact\" data-id=\"contact--1\" data-export-id=\"contact-7\" data-category=\"contact\" class=\"contact-7 content-section content-section-spacing white-text\" data-parallax-depth=\"20\" id=\"contact-1\" style=\"background-color: rgb(245, 250, 253);\"><div  class=\"gridContainer\"> <div  class=\"row text-center\"><div  class=\"col-xs-12\"> <div  class=\"card no-padding\"><div  class=\"row\"> <div  class=\"col-xs-12 col-sm-6 contact-form-wrapper inline-info shadow-medium\"><h2  class=\"text-center font-300 color-black\" style=\"border-bottom-color: rgb(0, 88, 89);\">Contact us<\/h2> <div  class=\"\" data-content-shortcode=\"mesmerize_contact_form shortcode=&quot;wpforms id=&amp;amp;quot;45&amp;amp;quot;&quot;\" data-editable=\"true\"><div class=\"wpforms-container wpforms-container-full\" id=\"wpforms-45\"><form id=\"wpforms-form-45\" class=\"wpforms-validate wpforms-form\" data-formid=\"45\" method=\"post\" enctype=\"multipart\/form-data\" action=\"\/en\/wp-json\/wp\/v2\/pages\/56\" data-token=\"c3fd80fab80c7df3960cf825c1f928ea\" data-trp-original-action=\"\/en\/wp-json\/wp\/v2\/pages\/56\"><noscript class=\"wpforms-error-noscript\">Please enable JavaScript in your browser to complete this form.<\/noscript><div class=\"wpforms-field-container\"><div id=\"wpforms-45-field_0-container\" class=\"wpforms-field wpforms-field-name wpforms-one-half wpforms-first\" data-field-id=\"0\"><label class=\"wpforms-field-label wpforms-label-hide\" for=\"wpforms-45-field_0\">Name <span class=\"wpforms-required-label\">*<\/span><\/label><input type=\"text\" id=\"wpforms-45-field_0\" class=\"wpforms-field-large wpforms-field-required\" name=\"wpforms[fields][0]\" placeholder=\"Name\" required><\/div><div id=\"wpforms-45-field_4-container\" class=\"wpforms-field wpforms-field-text wpforms-one-half\" data-field-id=\"4\"><label class=\"wpforms-field-label wpforms-label-hide\" for=\"wpforms-45-field_4\">Company<\/label><input type=\"text\" id=\"wpforms-45-field_4\" class=\"wpforms-field-large\" name=\"wpforms[fields][4]\" placeholder=\"Company\" ><\/div><div id=\"wpforms-45-field_3-container\" class=\"wpforms-field wpforms-field-number wpforms-one-half wpforms-first\" data-field-id=\"3\"><label class=\"wpforms-field-label wpforms-label-hide\" for=\"wpforms-45-field_3\">Phone number <span class=\"wpforms-required-label\">*<\/span><\/label><input type=\"number\" pattern=\"\\d*\" id=\"wpforms-45-field_3\" class=\"wpforms-field-large wpforms-field-required\" name=\"wpforms[fields][3]\" placeholder=\"Phone number\" required><\/div><div id=\"wpforms-45-field_1-container\" class=\"wpforms-field wpforms-field-email wpforms-one-half\" data-field-id=\"1\"><label class=\"wpforms-field-label wpforms-label-hide\" for=\"wpforms-45-field_1\">E-post <span class=\"wpforms-required-label\">*<\/span><\/label><input type=\"email\" id=\"wpforms-45-field_1\" class=\"wpforms-field-large wpforms-field-required\" name=\"wpforms[fields][1]\" placeholder=\"E-post\" required><\/div><div id=\"wpforms-45-field_5-container\" class=\"wpforms-field wpforms-field-textarea\" data-field-id=\"5\"><label class=\"wpforms-field-label wpforms-label-hide\" for=\"wpforms-45-field_5\">Message<\/label><textarea id=\"wpforms-45-field_5\" class=\"wpforms-field-medium wpforms-limit-words-enabled\" data-form-id=\"45\" data-field-id=\"5\" data-text-limit=\"150\" name=\"wpforms[fields][5]\" placeholder=\"Message\" ><\/textarea><\/div><\/div><div class=\"wpforms-field wpforms-field-hp\"><label for=\"wpforms-45-field-hp\" class=\"wpforms-field-label\">Comment<\/label><input type=\"text\" name=\"wpforms[hp]\" id=\"wpforms-45-field-hp\" class=\"wpforms-field-medium\"><\/div><input type=\"hidden\" name=\"wpforms[recaptcha]\" value=\"\"><div class=\"wpforms-submit-container\"><input type=\"hidden\" name=\"wpforms[id]\" value=\"45\"><input type=\"hidden\" name=\"wpforms[author]\" value=\"1\"><button type=\"submit\" name=\"wpforms[submit]\" id=\"wpforms-submit-45\" class=\"wpforms-submit\" data-alt-text=\"Skickar\" data-submit-text=\"Skicka\" aria-live=\"assertive\" value=\"wpforms-submit\">Submit<\/button><\/div><input type=\"hidden\" name=\"trp-form-language\" value=\"en\"\/><\/form><\/div>  <!-- .wpforms-container --><\/div><\/div> <div  class=\"col-xs-12 col-sm-6 map-col\"><div  data-content-shortcode=\"mesmerize_maps address=&quot;Nybrogatan 7&quot; zoom=&quot;65&quot;\" data-editable=\"true\" class=\"map-wrapper\"><iframe class=\"mesmerize-google-maps mesmerize-frame-map\" src=\"https:\/\/maps.google.com\/maps?q=Nybrogatan 7&amp;z=14&amp;t=m&amp;output=embed&amp;iwloc=near\"><\/iframe><\/div><\/div> <\/div><\/div> <\/div><\/div> <\/div><\/div>","protected":false},"excerpt":{"rendered":"<p>Boutiquebyr\u00e5 i StockholmApriori \u00e4r en boutiquebyr\u00e5 med fokus p\u00e5, erfarenhet av och kunskap inom finansjuridik. Vi \u00e4r en av de ledande svenska advokatbyr\u00e5erna inom finansiell, regulatorisk juridik. Apriori har inte bara kunskap om regelverket utan \u00e4ven om aff\u00e4rer. Detta minskar startstr\u00e4ckan betydligt och g\u00f6r att vi kan se och m\u00f6ta v\u00e5ra klienters behov p\u00e5 ett&hellip; <br \/> <a class=\"read-more\" href=\"https:\/\/apriorilaw.se\/en\/om-apriori\/\">Read more<\/a><\/p>","protected":false},"author":1,"featured_media":71,"parent":0,"menu_order":0,"comment_status":"closed","ping_status":"closed","template":"pro\/page-templates\/full-width-page.php","meta":[],"_links":{"self":[{"href":"https:\/\/apriorilaw.se\/en\/wp-json\/wp\/v2\/pages\/56"}],"collection":[{"href":"https:\/\/apriorilaw.se\/en\/wp-json\/wp\/v2\/pages"}],"about":[{"href":"https:\/\/apriorilaw.se\/en\/wp-json\/wp\/v2\/types\/page"}],"author":[{"embeddable":true,"href":"https:\/\/apriorilaw.se\/en\/wp-json\/wp\/v2\/users\/1"}],"replies":[{"embeddable":true,"href":"https:\/\/apriorilaw.se\/en\/wp-json\/wp\/v2\/comments?post=56"}],"version-history":[{"count":14,"href":"https:\/\/apriorilaw.se\/en\/wp-json\/wp\/v2\/pages\/56\/revisions"}],"predecessor-version":[{"id":1536,"href":"https:\/\/apriorilaw.se\/en\/wp-json\/wp\/v2\/pages\/56\/revisions\/1536"}],"wp:featuredmedia":[{"embeddable":true,"href":"https:\/\/apriorilaw.se\/en\/wp-json\/wp\/v2\/media\/71"}],"wp:attachment":[{"href":"https:\/\/apriorilaw.se\/en\/wp-json\/wp\/v2\/media?parent=56"}],"curies":[{"name":"wp","href":"https:\/\/api.w.org\/{rel}","templated":true}]}}