{"id":718,"date":"2020-09-08T15:24:19","date_gmt":"2020-09-08T13:24:19","guid":{"rendered":"https:\/\/apriorilaw.se\/?page_id=718"},"modified":"2025-05-27T01:20:02","modified_gmt":"2025-05-26T23:20:02","slug":"intern-styrning-kontroll","status":"publish","type":"page","link":"https:\/\/apriorilaw.se\/en\/verksamhetsomraden\/intern-styrning-kontroll\/","title":{"rendered":"Internal governance and controls"},"content":{"rendered":"<div  data-label=\"Features\" data-id=\"features--1\" data-export-id=\"features-12\" data-category=\"features\" class=\"features-12 content-section content-section-spacing\" id=\"features-1\" style=\"background-color: rgb(245, 250, 253);\"><div  class=\"gridContainer\"> <div  class=\"row text-center\"><div  class=\"section-title-col\" data-type=\"column\"> <h2  class=\"\" style=\"border-bottom-color: rgb(0, 88, 89);\">What is it and how do you go about it?<\/h2> <p  class=\"lead\" style=\"text-align: center;\">Internal governance is a central part in achieving the goals set by management in any organization. A common perception is that internal governance and control is about having internal regulations and a personnel handbook, but it is so much more!<br ><br >If a company wants to create good internal governance and controls, it is usually necessary to work through all levels of the business from the board down to the day-to-day workings. The important thing is not that there are routines for all tasks, but it is rather about finding a reasonable level of governance which the organization can operate in accordance with and that is in line with the company's values \u200b\u200band the rules that the business is subject to.&nbsp;&nbsp;<br ><br >\nApriori aid both large and small companies to develop internal rules and procedures and ensure that the regulations are adapted to the business.<\/p><\/div> <\/div> <div  class=\"row spaced-cols\" data-type=\"row\"> <div  class=\"col-sm-6\"> <div  class=\"row space-bottom\"> <div  class=\"col-sm-fit icon-column\"> <i  class=\"fa icon fa-search bordered round color1\"><\/i> <\/div> <div  class=\"col-sm\" data-type=\"column\"> <h5  class=\"color2\"><span  style=\"color: rgb(0, 88, 89);\">IDENTIFICATION<\/span><\/h5> <p  class=\"\">The basis for good internal control is that the management team and the board understand the business well and can identify which rules the organization need.<\/p><\/div> <\/div><\/div> <div  class=\"col-sm-6\"><div  class=\"row space-bottom\"> <div  class=\"col-sm-fit icon-column\"><i  class=\"fa icon fa-bullhorn bordered round color1\"><\/i><\/div> <div  class=\"col-sm\" data-type=\"column\"><h5  class=\"color2\"><span  style=\"color: rgb(0, 88, 89);\">NOTIFY<\/span><\/h5> <p  class=\"\">It is important to continuously communicate about new rules and procedures so that employees are aware of their responsibilities.<\/p><\/div> <\/div><\/div> <div  class=\"col-sm-6\"><div  class=\"row space-bottom\"> <div  class=\"col-sm-fit icon-column\"><i  class=\"fa icon fa-check-square bordered round color1\"><\/i><\/div> <div  class=\"col-sm\" data-type=\"column\"><h5  class=\"color2\"><span  style=\"color: rgb(0, 88, 89);\">CONTROL<\/span><span  id=\"_mce_caret\" data-mce-bogus=\"1\" data-mce-type=\"format-caret\"><span  style=\"color: rgb(0, 88, 89);\"><\/span><\/span><\/h5> <p  class=\"\">Kontroller \u00e4r n\u00f6dv\u00e4ndigt f\u00f6r att s\u00e4kerst\u00e4lla att bolagets produkter och tj\u00e4nster h\u00e5ller r\u00e4tt kvalitet och f\u00f6ljer de regler som g\u00e4ller f\u00f6r verksamheten.<\/p><\/div> <\/div><\/div> <div  class=\"col-sm-6\"><div  class=\"row space-bottom\"> <div  class=\"col-sm-fit icon-column\"><i  class=\"fa icon fa-cloud-upload bordered round color1\"><\/i><\/div> <div  class=\"col-sm\" data-type=\"column\"><h5  class=\"color2\"><span  style=\"color: rgb(0, 88, 89);\">REPORT<\/span><\/h5> <p  class=\"\">Board of directors and management teams are required to follow up the work so that their business develop in the intended direction.&nbsp;<\/p><\/div> <\/div><\/div> <\/div><\/div> <\/div>","protected":false},"excerpt":{"rendered":"<p>Vad \u00e4r det och hur g\u00e5r man till v\u00e4ga? Intern styrning och kontroll \u00e4r en central del i att uppn\u00e5 de m\u00e5l ledningen satt upp i organisationen. En allm\u00e4n uppfattning \u00e4r att intern styrning och kontroll handlar om att ha interna regelverk och en personalhandbok, men det \u00e4r s\u00e5 mycket mer!Om ett f\u00f6retag vill skapa&hellip; <br \/> <a class=\"read-more\" href=\"https:\/\/apriorilaw.se\/en\/verksamhetsomraden\/intern-styrning-kontroll\/\">Read more<\/a><\/p>","protected":false},"author":3,"featured_media":0,"parent":219,"menu_order":0,"comment_status":"closed","ping_status":"closed","template":"pro\/page-templates\/full-width-page.php","meta":[],"_links":{"self":[{"href":"https:\/\/apriorilaw.se\/en\/wp-json\/wp\/v2\/pages\/718"}],"collection":[{"href":"https:\/\/apriorilaw.se\/en\/wp-json\/wp\/v2\/pages"}],"about":[{"href":"https:\/\/apriorilaw.se\/en\/wp-json\/wp\/v2\/types\/page"}],"author":[{"embeddable":true,"href":"https:\/\/apriorilaw.se\/en\/wp-json\/wp\/v2\/users\/3"}],"replies":[{"embeddable":true,"href":"https:\/\/apriorilaw.se\/en\/wp-json\/wp\/v2\/comments?post=718"}],"version-history":[{"count":8,"href":"https:\/\/apriorilaw.se\/en\/wp-json\/wp\/v2\/pages\/718\/revisions"}],"predecessor-version":[{"id":1553,"href":"https:\/\/apriorilaw.se\/en\/wp-json\/wp\/v2\/pages\/718\/revisions\/1553"}],"up":[{"embeddable":true,"href":"https:\/\/apriorilaw.se\/en\/wp-json\/wp\/v2\/pages\/219"}],"wp:attachment":[{"href":"https:\/\/apriorilaw.se\/en\/wp-json\/wp\/v2\/media?parent=718"}],"curies":[{"name":"wp","href":"https:\/\/api.w.org\/{rel}","templated":true}]}}