{"id":953,"date":"2020-09-13T09:07:43","date_gmt":"2020-09-13T07:07:43","guid":{"rendered":"https:\/\/apriorilaw.se\/?page_id=953"},"modified":"2025-05-28T13:34:07","modified_gmt":"2025-05-28T11:34:07","slug":"hallbarhet","status":"publish","type":"page","link":"https:\/\/apriorilaw.se\/en\/hallbarhet\/","title":{"rendered":"Sustainability"},"content":{"rendered":"<div  data-label=\"About\" data-id=\"about--1\" data-export-id=\"about-images-right-section-mc\" data-category=\"about\" class=\"about-images-right-section content-section content-section-spacing\" id=\"about-1\" style=\"background-color: rgb(255, 255, 255);\"><div  class=\"gridContainer\"> <div  class=\"row middle-sm text-center\"><div  class=\"col-sm-5 content-left-sm\" data-type=\"column\">  <h2  class=\"\"><i ><span  style=\"font-weight: 300;\">H\u00e5llbarhet, ansvar &amp; milj\u00f6<\/span><\/i><span  style=\"font-weight: 300;\">&nbsp;\u2013<\/span><br ><span  style=\"font-weight: 300;\">From ambition to action!<\/span><\/h2> <p  class=\"\"><span  style=\"font-weight: 400;\">Many organizations have ambitious goals when it comes to sustainability, but it is not always easy to make it a high priority.&nbsp;<\/span><br ><br ><span  style=\"font-weight: 400;\">We can help you to meet all demands in regards to sustainability. Issues such as human\/labour rights, environment and anti-corruption is on the agenda, and we aid our clients to adequately meet regulatory requirements, measure and manage risks and ensure business opportunities related to CSR and sustainability.<\/span><\/p> <\/div> <div  class=\"col-sm-7 space-bottom-xs\"><div  class=\"image-group-side-3-img\"> <img  class=\"topimg shadow-large\" src=\"https:\/\/apriorilaw.se\/wp-content\/uploads\/2020\/09\/wylly-suhendra-Swk4G_xi_uM-unsplash-scaled.jpg\" alt=\"\" title=\"hands\"> <img  class=\"rightimg shadow-large\" src=\"https:\/\/apriorilaw.se\/wp-content\/uploads\/2020\/09\/aaron-burden-dXYE1d08BiY-unsplash-scaled.jpg\" alt=\"\" title=\"aaron-burden-dXYE1d08BiY-unsplash\"> <div  class=\"leftimg\"> <img  class=\"shadow-large\" src=\"https:\/\/apriorilaw.se\/wp-content\/uploads\/2025\/03\/MR50387-Redigera-1.jpg\" alt=\"\" title=\"_MR50387-Redigera (1)\"><\/div> <\/div><\/div> <\/div><\/div> <\/div><div  data-label=\"Features\" data-id=\"features--1\" data-export-id=\"features-16-card-bordered\" data-category=\"features\" class=\"features-16-card-bordered content-section content-section-spacing\" id=\"features-1\" style=\"background-color: rgb(245, 250, 253);\"><div  class=\"gridContainer\"> <div  class=\"row text-center\"><div  class=\"section-title-col\" data-type=\"column\"> <h2  class=\"\">Vad vi kan erbjuda<\/h2> <\/div> <\/div> <div  class=\"row spaced-cols\" data-type=\"row\">  <div  class=\"col-xs-12 col-sm-6 col-md-4\"><div  class=\"card no-padding bordered y-move\"> <img  class=\"face\" src=\"https:\/\/apriorilaw.se\/wp-content\/uploads\/2020\/09\/wylly-suhendra-Swk4G_xi_uM-unsplash-scaled.jpg\" alt=\"\" title=\"hands\"> <div  data-type=\"column\" class=\"col-padding-small col-padding-small-xs description-container\"> <h4  class=\"font-500\">Strategy and objective<\/h4> <p  class=\"\">It is the first step of this work is to decide on a strategy. The strategy should have a clear objective, and should also be able to guide the employees in their day-to-day activities. We provide assistance to boards and management groups in regard to the issue mentioned above, including the implementation and development of the policy.<\/p><\/div> <div  data-type=\"column\" class=\"col-padding-small col-padding-small-xs read-more-container\"><\/div> <\/div><\/div> <div  class=\"col-xs-12 col-sm-6 col-md-4\"><div  class=\"card no-padding bordered y-move\"> <img  class=\"face\" src=\"https:\/\/apriorilaw.se\/wp-content\/uploads\/2020\/09\/cropped-you-x-ventures-vbxyFxlgpjM-unsplash-scaled-1.jpg\" alt=\"\" title=\"cropped-you-x-ventures-vbxyFxlgpjM-unsplash-scaled-1.jpg\"> <div  data-type=\"column\" class=\"col-padding-small col-padding-small-xs description-container\"> <h4  class=\"font-500\">Management and implementation<\/h4> <p  class=\"\">If sustainability policies is to have meaning, concrete measures are required that are also implemented in practice. It can be anything from how to choose suppliers to which projects you choose to finance. We can help you find the right measures and the tools required to realize your strategy.<\/p><\/div> <div  data-type=\"column\" class=\"col-padding-small col-padding-small-xs read-more-container\"><\/div> <\/div><\/div> <div  class=\"col-xs-12 col-sm-6 col-md-4\"> <div  class=\"card no-padding bordered y-move\"> <img  class=\"face\" src=\"https:\/\/apriorilaw.se\/wp-content\/uploads\/2020\/09\/cropped-rawfilm-ihMzQV3lleo-unsplash-scaled-1.jpg\" alt=\"\" title=\"cropped-rawfilm-ihMzQV3lleo-unsplash-scaled-1.jpg\"> <div  data-type=\"column\" class=\"col-padding-small col-padding-small-xs description-container\"> <h4  class=\"font-500\">Reporting<\/h4> <p  class=\"\">An important aspect of this work is to provide accurate reporting the company carries out both internally and to clients and the general public. We can help you with developing an adequate report format according to legal standards such as (for example) the UNGC, CDP, UNPRI, and DJSI, in order to ensure accurate reporting.<\/p><\/div> <div  data-type=\"column\" class=\"col-padding-small col-padding-small-xs read-more-container\"><\/div> <\/div><\/div><div  class=\"col-xs-12 col-sm-6 col-md-4\"><div  class=\"card no-padding bordered y-move\"> <img  class=\"face\" src=\"https:\/\/apriorilaw.se\/wp-content\/uploads\/2019\/11\/cropped-apple-1842297_1280.jpg\" alt=\"\" title=\"cropped-apple-1842297_1280.jpg\"> <div  data-type=\"column\" class=\"col-padding-small col-padding-small-xs description-container\"> <h4  class=\"font-500\">Review and follow-up<\/h4> <p  class=\"\">The actions carried out usually need to be followed up. This can be done either through the different types of control measures or qualitative methods, such as interviews with co-workers, or surveys among customers. With our experience we can assist you in the creation of an effective control system.<\/p><\/div> <div  data-type=\"column\" class=\"col-padding-small col-padding-small-xs read-more-container\"><\/div> <\/div><\/div><\/div><\/div> <\/div>","protected":false},"excerpt":{"rendered":"<p>H\u00e5llbarhet, ansvar &amp; milj\u00f6&nbsp;\u2013Fr\u00e5n ambition till handling! M\u00e5nga organisationer har h\u00f6gt st\u00e4llda m\u00e5l n\u00e4r det kommer till h\u00e5llbarhet, men det \u00e4r inte alltid helt enkelt att prioritera.&nbsp;Vi kan hj\u00e4lpa er att m\u00f6ta alla olika krav inom h\u00e5llbarhetsomr\u00e5det. Fr\u00e5gor kring m\u00e4nskliga r\u00e4ttigheter, arbetsvillkor, milj\u00f6 och anti-korruption \u00e4r p\u00e5 agendan och vi bist\u00e5r v\u00e5ra klienter i att&hellip; <br \/> <a class=\"read-more\" href=\"https:\/\/apriorilaw.se\/en\/hallbarhet\/\">Read more<\/a><\/p>","protected":false},"author":3,"featured_media":0,"parent":0,"menu_order":0,"comment_status":"closed","ping_status":"closed","template":"pro\/page-templates\/full-width-page.php","meta":[],"_links":{"self":[{"href":"https:\/\/apriorilaw.se\/en\/wp-json\/wp\/v2\/pages\/953"}],"collection":[{"href":"https:\/\/apriorilaw.se\/en\/wp-json\/wp\/v2\/pages"}],"about":[{"href":"https:\/\/apriorilaw.se\/en\/wp-json\/wp\/v2\/types\/page"}],"author":[{"embeddable":true,"href":"https:\/\/apriorilaw.se\/en\/wp-json\/wp\/v2\/users\/3"}],"replies":[{"embeddable":true,"href":"https:\/\/apriorilaw.se\/en\/wp-json\/wp\/v2\/comments?post=953"}],"version-history":[{"count":8,"href":"https:\/\/apriorilaw.se\/en\/wp-json\/wp\/v2\/pages\/953\/revisions"}],"predecessor-version":[{"id":1588,"href":"https:\/\/apriorilaw.se\/en\/wp-json\/wp\/v2\/pages\/953\/revisions\/1588"}],"wp:attachment":[{"href":"https:\/\/apriorilaw.se\/en\/wp-json\/wp\/v2\/media?parent=953"}],"curies":[{"name":"wp","href":"https:\/\/api.w.org\/{rel}","templated":true}]}}