{"id":979,"date":"2020-09-13T12:46:58","date_gmt":"2020-09-13T10:46:58","guid":{"rendered":"https:\/\/apriorilaw.se\/?page_id=979"},"modified":"2025-08-24T22:25:52","modified_gmt":"2025-08-24T20:25:52","slug":"tjanstepension-och-pensionsstiftelser","status":"publish","type":"page","link":"https:\/\/apriorilaw.se\/en\/tjanstepension-och-pensionsstiftelser\/","title":{"rendered":"Tj\u00e4nstepensionsf\u00f6retag och f\u00f6rs\u00e4kringsf\u00f6retag"},"content":{"rendered":"<div  data-label=\"About\" data-id=\"about--1\" data-export-id=\"about-10\" data-category=\"about\" class=\"about-10 content-section content-section-spacing\" id=\"about-1\" style=\"background-color: rgb(255, 255, 255);\"><div  class=\"gridContainer\"> <div  class=\"row middle-sm text-center\"><div  class=\"col-sm-5 space-bottom-xs content-column\" data-type=\"column\">   <p  class=\"\" style=\"text-align: left;\">Apriori has extensive experience in advising occupational pension companies and insurance companies. We maintain outsourced compliance functions at these types of companies and\/or assist the compliance function in these companies. Apriori is also act as data protection officer in occupational pension companies and insurance companies.\n<br ><br >\nNew assignments begin with a comprehensive risk analysis and a proposal for an annual plan for the task. Ongoing advice and support as well as training for staff and management then form part of the work. In addition, the task includes control of regulatory compliance and reporting to the company's management branch.\n<br ><br >\nExamples of common tasks for occupational pension companies and insurance companies:<br >\n\u2022 Compliance function\n<br >\u2022 Data Protection Officer<br >\u2022 Legal investigations<br >\u2022 Training<br >\u2022 GAP analyses<br >\u2022 Implementation of new regulations<\/p> <\/div> <div  class=\"col-sm-7 flexbox middle-xs center-xs space-bottom-xs\"><div  class=\"overlay-box middle-xs center-xs flexbox\"> <div  class=\"overlay-box-offset offset-border shadow-medium border-color1 hide-xs\"><\/div> <img  class=\"shadow-large\" data-size=\"485x705\" src=\"https:\/\/apriorilaw.se\/wp-content\/uploads\/2019\/05\/meeting-2284501_640.jpg\" alt=\"\" title=\"Retirement\"><\/div> <\/div><\/div> <\/div><\/div>","protected":false},"excerpt":{"rendered":"<p>Apriori har l\u00e5ng erfarenhet av r\u00e5dgivning till tj\u00e4nstepensions- och f\u00f6rs\u00e4kringsf\u00f6retag. Vi uppr\u00e4tth\u00e5ller tj\u00e4nsten som utlagd compliancefunktion hos dessa f\u00f6retag och\/eller bist\u00e5r compliancefunktionen i f\u00f6retaget. Apriori \u00e4r \u00e4ven dataskyddsombud i tj\u00e4nstepensions- och f\u00f6rs\u00e4kringsf\u00f6retag. Ett nytt uppdrag inleds med en omfattande riskanalys och f\u00f6rslag till \u00e5rsplan f\u00f6r arbetet. L\u00f6pande r\u00e5d och st\u00f6d liksom utbildning f\u00f6r personal och&hellip; <br \/> <a class=\"read-more\" href=\"https:\/\/apriorilaw.se\/en\/tjanstepension-och-pensionsstiftelser\/\">Read more<\/a><\/p>","protected":false},"author":3,"featured_media":0,"parent":0,"menu_order":0,"comment_status":"closed","ping_status":"closed","template":"pro\/page-templates\/full-width-page.php","meta":[],"_links":{"self":[{"href":"https:\/\/apriorilaw.se\/en\/wp-json\/wp\/v2\/pages\/979"}],"collection":[{"href":"https:\/\/apriorilaw.se\/en\/wp-json\/wp\/v2\/pages"}],"about":[{"href":"https:\/\/apriorilaw.se\/en\/wp-json\/wp\/v2\/types\/page"}],"author":[{"embeddable":true,"href":"https:\/\/apriorilaw.se\/en\/wp-json\/wp\/v2\/users\/3"}],"replies":[{"embeddable":true,"href":"https:\/\/apriorilaw.se\/en\/wp-json\/wp\/v2\/comments?post=979"}],"version-history":[{"count":10,"href":"https:\/\/apriorilaw.se\/en\/wp-json\/wp\/v2\/pages\/979\/revisions"}],"predecessor-version":[{"id":1697,"href":"https:\/\/apriorilaw.se\/en\/wp-json\/wp\/v2\/pages\/979\/revisions\/1697"}],"wp:attachment":[{"href":"https:\/\/apriorilaw.se\/en\/wp-json\/wp\/v2\/media?parent=979"}],"curies":[{"name":"wp","href":"https:\/\/api.w.org\/{rel}","templated":true}]}}